{"id":96,"date":"2023-04-07T12:38:51","date_gmt":"2023-04-07T12:38:51","guid":{"rendered":"http:\/\/osteopatiasalud.com\/index.php\/inicio-catala\/"},"modified":"2023-09-19T20:14:19","modified_gmt":"2023-09-19T20:14:19","slug":"inici","status":"publish","type":"page","link":"https:\/\/osteopatiasalud.com\/","title":{"rendered":"Inici"},"content":{"rendered":"\t\t<div data-elementor-type=\"wp-page\" data-elementor-id=\"96\" class=\"elementor elementor-96\">\n\t\t\t\t\t\t\t<div class=\"elementor-element elementor-element-f38582a e-con-full e-flex e-con\" data-id=\"f38582a\" data-element_type=\"container\" data-settings=\"{&quot;content_width&quot;:&quot;full&quot;}\">\n\t\t\t\t<div class=\"elementor-element elementor-element-abb4aed elementor-widget__width-inherit elementor-widget elementor-widget-layerslider\" data-id=\"abb4aed\" data-element_type=\"widget\" data-widget_type=\"layerslider.default\">\n\t\t\t\t<div class=\"elementor-widget-container\">\n\t\t\t<script type=\"text\/javascript\">jQuery(function() { _initLayerSlider( '#layerslider_1_1fnf4aepvrl6s', {sliderVersion: '7.6.9', type: 'fullsize', responsiveUnder: 1100, marginTop: 0, marginBottom: 0, slideDuration: 12000, pauseOnHover: 'enabled', skin: 'borderlessdark', hoverPrevNext: false, navStartStop: false, navButtons: false, showCircleTimer: false, thumbnailNavigation: 'disabled', useSrcset: true, skinsPath: 'https:\/\/osteopatiasalud.com\/wp-content\/plugins\/LayerSlider\/assets\/static\/layerslider\/skins\/', performanceMode: true, height: 700}); });<\/script><link href=\"https:\/\/fonts.googleapis.com\/css?family=Raleway:100,100i,200,200i,300,300i,400,400i,500,500i,600,600i,700,700i,800,800i,900,900i\" rel=\"stylesheet\"><div id=\"layerslider_1_1fnf4aepvrl6s\" class=\"ls-wp-container fitvidsignore\" style=\"width:1800px;height:100vh;margin:0 auto;margin-bottom: 0px;\"><div class=\"ls-slide\" data-ls=\"transition2d:5;kenburnszoom:in;kenburnsscale:1.2;\"><img loading=\"lazy\" decoding=\"async\" width=\"2560\" height=\"1707\" src=\"https:\/\/osteopatiasalud.com\/wp-content\/uploads\/2023\/04\/Osteopatia-salud-terapia-manual-bienestar-masaje-Rodolf-Schlachet-sliderB-1-scaled.jpg\" class=\"ls-bg\" alt=\"\" srcset=\"https:\/\/osteopatiasalud.com\/wp-content\/uploads\/2023\/04\/Osteopatia-salud-terapia-manual-bienestar-masaje-Rodolf-Schlachet-sliderB-1-scaled.jpg 2560w, https:\/\/osteopatiasalud.com\/wp-content\/uploads\/2023\/04\/Osteopatia-salud-terapia-manual-bienestar-masaje-Rodolf-Schlachet-sliderB-1-300x200.jpg 300w, https:\/\/osteopatiasalud.com\/wp-content\/uploads\/2023\/04\/Osteopatia-salud-terapia-manual-bienestar-masaje-Rodolf-Schlachet-sliderB-1-1024x683.jpg 1024w, https:\/\/osteopatiasalud.com\/wp-content\/uploads\/2023\/04\/Osteopatia-salud-terapia-manual-bienestar-masaje-Rodolf-Schlachet-sliderB-1-768x512.jpg 768w, https:\/\/osteopatiasalud.com\/wp-content\/uploads\/2023\/04\/Osteopatia-salud-terapia-manual-bienestar-masaje-Rodolf-Schlachet-sliderB-1-1536x1024.jpg 1536w, https:\/\/osteopatiasalud.com\/wp-content\/uploads\/2023\/04\/Osteopatia-salud-terapia-manual-bienestar-masaje-Rodolf-Schlachet-sliderB-1-2048x1365.jpg 2048w, https:\/\/osteopatiasalud.com\/wp-content\/uploads\/2023\/04\/Osteopatia-salud-terapia-manual-bienestar-masaje-Rodolf-Schlachet-sliderB-1-200x133.jpg 200w\" sizes=\"auto, (max-width: 2560px) 100vw, 2560px\" \/><p style=\"font-weight: 700; letter-spacing: 3px;font-family:Raleway;font-size:85px;color:#ffffff;top:90%;left:43.79%;text-shadow:3px 2px 0px #111a70;\" class=\"ls-l ls-text-layer\" data-ls=\"offsetyout:120;durationout:400;parallax:true;parallaxlevel:10;\">Estimular les forces <br>\nd'autosanaci&oacute; del propi cos<\/p><ls-layer style=\"font-size:95px;text-align:left;font-style:normal;text-decoration:none;text-transform:none;letter-spacing:0px;background-position:0% 0%;background-repeat:no-repeat;overflow:visible;font-family:Raleway;color:#f7f4f4;text-shadow:2px 2px 0px #0d0d0d;top:39.07%;left:26.11%;font-weight:600;\" class=\"ls-l ls-text-layer\" data-ls=\"parallax:true;parallaxlevel:10;\">OSTEOPAT&Iacute;A<\/ls-layer><\/div><div class=\"ls-slide\" data-ls=\"transition2d:5;kenburnszoom:in;kenburnsscale:1.2;\"><img loading=\"lazy\" decoding=\"async\" width=\"2560\" height=\"1707\" src=\"https:\/\/osteopatiasalud.com\/wp-content\/uploads\/2023\/04\/Osteopatia-salud-terapia-manual-bienestar-masaje-Rodolf-Schlachet-sliderB-4-scaled.jpg\" class=\"ls-bg\" alt=\"\" srcset=\"https:\/\/osteopatiasalud.com\/wp-content\/uploads\/2023\/04\/Osteopatia-salud-terapia-manual-bienestar-masaje-Rodolf-Schlachet-sliderB-4-scaled.jpg 2560w, https:\/\/osteopatiasalud.com\/wp-content\/uploads\/2023\/04\/Osteopatia-salud-terapia-manual-bienestar-masaje-Rodolf-Schlachet-sliderB-4-300x200.jpg 300w, https:\/\/osteopatiasalud.com\/wp-content\/uploads\/2023\/04\/Osteopatia-salud-terapia-manual-bienestar-masaje-Rodolf-Schlachet-sliderB-4-1024x683.jpg 1024w, https:\/\/osteopatiasalud.com\/wp-content\/uploads\/2023\/04\/Osteopatia-salud-terapia-manual-bienestar-masaje-Rodolf-Schlachet-sliderB-4-768x512.jpg 768w, https:\/\/osteopatiasalud.com\/wp-content\/uploads\/2023\/04\/Osteopatia-salud-terapia-manual-bienestar-masaje-Rodolf-Schlachet-sliderB-4-1536x1024.jpg 1536w, https:\/\/osteopatiasalud.com\/wp-content\/uploads\/2023\/04\/Osteopatia-salud-terapia-manual-bienestar-masaje-Rodolf-Schlachet-sliderB-4-2048x1365.jpg 2048w, https:\/\/osteopatiasalud.com\/wp-content\/uploads\/2023\/04\/Osteopatia-salud-terapia-manual-bienestar-masaje-Rodolf-Schlachet-sliderB-4-200x133.jpg 200w\" sizes=\"auto, (max-width: 2560px) 100vw, 2560px\" \/><ls-layer style=\"font-size:85px;text-align:left;font-style:normal;text-decoration:none;text-transform:none;letter-spacing:0px;background-position:0% 0%;background-repeat:no-repeat;overflow:visible;top:80%;left:27.54%;font-family:Raleway;color:#f5f0f0;text-shadow:3px 2px 0px #0f0e0e;\" class=\"ls-l ls-text-layer\">tacte suau, respiraci&oacute;<br>\ni ajustamentes lleugers<br>\n(sense cruixir)<\/ls-layer><\/div><div class=\"ls-slide\" data-ls=\"transition2d:5;kenburnszoom:in;kenburnsscale:1.2;\"><img loading=\"lazy\" decoding=\"async\" width=\"2560\" height=\"1707\" src=\"https:\/\/osteopatiasalud.com\/wp-content\/uploads\/2023\/04\/Osteopatia-salud-terapia-manual-bienestar-masaje-Rodolf-Schlachet-sliderB-9-scaled.jpg\" class=\"ls-bg\" alt=\"\" srcset=\"https:\/\/osteopatiasalud.com\/wp-content\/uploads\/2023\/04\/Osteopatia-salud-terapia-manual-bienestar-masaje-Rodolf-Schlachet-sliderB-9-scaled.jpg 2560w, https:\/\/osteopatiasalud.com\/wp-content\/uploads\/2023\/04\/Osteopatia-salud-terapia-manual-bienestar-masaje-Rodolf-Schlachet-sliderB-9-300x200.jpg 300w, https:\/\/osteopatiasalud.com\/wp-content\/uploads\/2023\/04\/Osteopatia-salud-terapia-manual-bienestar-masaje-Rodolf-Schlachet-sliderB-9-1024x683.jpg 1024w, https:\/\/osteopatiasalud.com\/wp-content\/uploads\/2023\/04\/Osteopatia-salud-terapia-manual-bienestar-masaje-Rodolf-Schlachet-sliderB-9-768x512.jpg 768w, https:\/\/osteopatiasalud.com\/wp-content\/uploads\/2023\/04\/Osteopatia-salud-terapia-manual-bienestar-masaje-Rodolf-Schlachet-sliderB-9-1536x1024.jpg 1536w, https:\/\/osteopatiasalud.com\/wp-content\/uploads\/2023\/04\/Osteopatia-salud-terapia-manual-bienestar-masaje-Rodolf-Schlachet-sliderB-9-2048x1365.jpg 2048w, https:\/\/osteopatiasalud.com\/wp-content\/uploads\/2023\/04\/Osteopatia-salud-terapia-manual-bienestar-masaje-Rodolf-Schlachet-sliderB-9-200x133.jpg 200w\" sizes=\"auto, (max-width: 2560px) 100vw, 2560px\" \/><ls-layer style=\"text-align:left;font-style:normal;text-decoration:none;text-transform:none;letter-spacing:0px;background-repeat:no-repeat;overflow:visible;top:23.71%;left:31.5%;background-size:contain;padding-top:5px;padding-right:5px;padding-bottom:5px;padding-left:5px;text-shadow:3px 2px 0px #120000;color:#f5f0f0;font-size:85px;font-family:Raleway;\" class=\"ls-l ls-text-layer\">L'osteopatia &eacute;s una ter&agrave;pia<br>\nhol&iacute;stica de la salut <br>\ni no de la malaltia<\/ls-layer><\/div><div class=\"ls-slide\" data-ls=\"transition2d:5;kenburnszoom:in;kenburnsscale:1.2;\"><img loading=\"lazy\" decoding=\"async\" width=\"2560\" height=\"1707\" src=\"https:\/\/osteopatiasalud.com\/wp-content\/uploads\/2023\/04\/Osteopatia-salud-terapia-manual-bienestar-masaje-Rodolf-Schlachet-sliderB-6-scaled.jpg\" class=\"ls-bg\" alt=\"\" srcset=\"https:\/\/osteopatiasalud.com\/wp-content\/uploads\/2023\/04\/Osteopatia-salud-terapia-manual-bienestar-masaje-Rodolf-Schlachet-sliderB-6-scaled.jpg 2560w, https:\/\/osteopatiasalud.com\/wp-content\/uploads\/2023\/04\/Osteopatia-salud-terapia-manual-bienestar-masaje-Rodolf-Schlachet-sliderB-6-300x200.jpg 300w, https:\/\/osteopatiasalud.com\/wp-content\/uploads\/2023\/04\/Osteopatia-salud-terapia-manual-bienestar-masaje-Rodolf-Schlachet-sliderB-6-1024x683.jpg 1024w, https:\/\/osteopatiasalud.com\/wp-content\/uploads\/2023\/04\/Osteopatia-salud-terapia-manual-bienestar-masaje-Rodolf-Schlachet-sliderB-6-768x512.jpg 768w, https:\/\/osteopatiasalud.com\/wp-content\/uploads\/2023\/04\/Osteopatia-salud-terapia-manual-bienestar-masaje-Rodolf-Schlachet-sliderB-6-1536x1024.jpg 1536w, https:\/\/osteopatiasalud.com\/wp-content\/uploads\/2023\/04\/Osteopatia-salud-terapia-manual-bienestar-masaje-Rodolf-Schlachet-sliderB-6-2048x1365.jpg 2048w, https:\/\/osteopatiasalud.com\/wp-content\/uploads\/2023\/04\/Osteopatia-salud-terapia-manual-bienestar-masaje-Rodolf-Schlachet-sliderB-6-200x133.jpg 200w\" sizes=\"auto, (max-width: 2560px) 100vw, 2560px\" \/><ls-layer style=\"font-size:95px;text-align:left;font-style:normal;text-decoration:none;text-transform:none;letter-spacing:0px;background-position:0% 0%;background-repeat:no-repeat;overflow:visible;color:#faf5f5;font-family:Raleway;top:23.36%;left:30.96%;font-weight:500;text-shadow:2px 2px 0px #080000;line-height:falsepx;\" class=\"ls-l ls-text-layer\">RECOMANADA PER:<\/ls-layer><ls-layer style=\"text-align:left;font-style:normal;text-decoration:none;text-transform:none;letter-spacing:0px;background-position:0% 0%;background-repeat:no-repeat;overflow:visible;top:65.71%;left:35.58%;color:#f5eded;text-shadow:3px 2px 0px #0a0909;font-family:Raleway;font-size:85px;line-height:80px;\" class=\"ls-l ls-text-layer\">- dolors d'esquena<br>\n- ansietat, estr&egrave;s<br>\n- dolors articulars<br>\n- mals de cap<br>\n- problemes digestius<br>\n- problemes respiratoris<\/ls-layer><\/div><\/div>\t\t<\/div>\n\t\t\t\t<\/div>\n\t\t\t\t<\/div>\n\t\t\t\t\t\t\t<\/div>\n\t\t","protected":false},"excerpt":{"rendered":"<p>Estimular les forces d&#8217;autosanaci&oacute; del propi cos OSTEOPAT&Iacute;Atacte suau, respiraci&oacute; i ajustamentes lleugers (sense cruixir)L&#8217;osteopatia &eacute;s una ter&agrave;pia hol&iacute;stica de la salut i no de la malaltiaRECOMANADA PER&#8211; dolors d&#8217;esquena &#8211; ansietat, estr&egrave;s &#8211; dolors articulars &#8211; mals de cap &#8211; problemes digestius &#8211; problemes respiratoris<\/p>\n","protected":false},"author":1,"featured_media":0,"parent":0,"menu_order":0,"comment_status":"closed","ping_status":"closed","template":"elementor_header_footer","meta":{"site-sidebar-layout":"default","site-content-layout":"default","ast-site-content-layout":"","site-content-style":"default","site-sidebar-style":"default","ast-global-header-display":"","ast-banner-title-visibility":"","ast-main-header-display":"","ast-hfb-above-header-display":"","ast-hfb-below-header-display":"","ast-hfb-mobile-header-display":"","site-post-title":"","ast-breadcrumbs-content":"","ast-featured-img":"","footer-sml-layout":"","theme-transparent-header-meta":"enabled","adv-header-id-meta":"","stick-header-meta":"","header-above-stick-meta":"","header-main-stick-meta":"","header-below-stick-meta":"","astra-migrate-meta-layouts":"default","ast-page-background-enabled":"default","ast-page-background-meta":{"desktop":{"background-color":"var(--ast-global-color-4)","background-image":"","background-repeat":"repeat","background-position":"center center","background-size":"auto","background-attachment":"scroll","background-type":"","background-media":"","overlay-type":"","overlay-color":"","overlay-opacity":"","overlay-gradient":""},"tablet":{"background-color":"","background-image":"","background-repeat":"repeat","background-position":"center center","background-size":"auto","background-attachment":"scroll","background-type":"","background-media":"","overlay-type":"","overlay-color":"","overlay-opacity":"","overlay-gradient":""},"mobile":{"background-color":"","background-image":"","background-repeat":"repeat","background-position":"center center","background-size":"auto","background-attachment":"scroll","background-type":"","background-media":"","overlay-type":"","overlay-color":"","overlay-opacity":"","overlay-gradient":""}},"ast-content-background-meta":{"desktop":{"background-color":"var(--ast-global-color-5)","background-image":"","background-repeat":"repeat","background-position":"center center","background-size":"auto","background-attachment":"scroll","background-type":"","background-media":"","overlay-type":"","overlay-color":"","overlay-opacity":"","overlay-gradient":""},"tablet":{"background-color":"var(--ast-global-color-5)","background-image":"","background-repeat":"repeat","background-position":"center center","background-size":"auto","background-attachment":"scroll","background-type":"","background-media":"","overlay-type":"","overlay-color":"","overlay-opacity":"","overlay-gradient":""},"mobile":{"background-color":"var(--ast-global-color-5)","background-image":"","background-repeat":"repeat","background-position":"center center","background-size":"auto","background-attachment":"scroll","background-type":"","background-media":"","overlay-type":"","overlay-color":"","overlay-opacity":"","overlay-gradient":""}},"footnotes":""},"class_list":["post-96","page","type-page","status-publish","hentry"],"yoast_head":"<!-- This site is optimized with the Yoast SEO plugin v20.8 - https:\/\/yoast.com\/wordpress\/plugins\/seo\/ -->\n<title>Inici - osteopatiasalud<\/title>\n<meta name=\"description\" content=\"La osteopat\u00eda es recomana per dolors d&#039;esquena, ansietat, estr\u00e8s, dolors articulars, mals de cap, problemes digestius, problemes respiratoris\" \/>\n<meta name=\"robots\" content=\"index, follow, max-snippet:-1, max-image-preview:large, max-video-preview:-1\" \/>\n<link rel=\"canonical\" href=\"https:\/\/osteopatiasalud.com\/\" \/>\n<meta property=\"og:locale\" content=\"es_ES\" \/>\n<meta property=\"og:type\" content=\"article\" \/>\n<meta property=\"og:title\" content=\"Inici - osteopatiasalud\" \/>\n<meta property=\"og:description\" content=\"La osteopat\u00eda es recomana per dolors d&#039;esquena, ansietat, estr\u00e8s, dolors articulars, mals de cap, problemes digestius, problemes respiratoris\" \/>\n<meta property=\"og:url\" content=\"https:\/\/osteopatiasalud.com\/\" \/>\n<meta property=\"og:site_name\" content=\"osteopatiasalud\" \/>\n<meta property=\"article:modified_time\" content=\"2023-09-19T20:14:19+00:00\" \/>\n<meta property=\"og:image\" content=\"http:\/\/osteopatiasalud.com\/wp-content\/uploads\/2023\/04\/Osteopatia-salud-terapia-manual-bienestar-masaje-Rodolf-Schlachet-sliderB-1-scaled.jpg\" \/>\n<meta name=\"twitter:card\" content=\"summary_large_image\" \/>\n<meta name=\"twitter:label1\" content=\"Tiempo de lectura\" \/>\n\t<meta name=\"twitter:data1\" content=\"1 minuto\" \/>\n<script type=\"application\/ld+json\" class=\"yoast-schema-graph\">{\"@context\":\"https:\/\/schema.org\",\"@graph\":[{\"@type\":\"WebPage\",\"@id\":\"https:\/\/osteopatiasalud.com\/\",\"url\":\"https:\/\/osteopatiasalud.com\/\",\"name\":\"Inici - osteopatiasalud\",\"isPartOf\":{\"@id\":\"https:\/\/osteopatiasalud.com\/#website\"},\"datePublished\":\"2023-04-07T12:38:51+00:00\",\"dateModified\":\"2023-09-19T20:14:19+00:00\",\"description\":\"La osteopat\u00eda es recomana per dolors d'esquena, ansietat, estr\u00e8s, dolors articulars, mals de cap, problemes digestius, problemes respiratoris\",\"breadcrumb\":{\"@id\":\"https:\/\/osteopatiasalud.com\/#breadcrumb\"},\"inLanguage\":\"es\",\"potentialAction\":[{\"@type\":\"ReadAction\",\"target\":[\"https:\/\/osteopatiasalud.com\/\"]}]},{\"@type\":\"BreadcrumbList\",\"@id\":\"https:\/\/osteopatiasalud.com\/#breadcrumb\",\"itemListElement\":[{\"@type\":\"ListItem\",\"position\":1,\"name\":\"Home\",\"item\":\"https:\/\/osteopatiasalud.com\/\"},{\"@type\":\"ListItem\",\"position\":2,\"name\":\"Inici\"}]},{\"@type\":\"WebSite\",\"@id\":\"https:\/\/osteopatiasalud.com\/#website\",\"url\":\"https:\/\/osteopatiasalud.com\/\",\"name\":\"osteopatiasalud\",\"description\":\"osteopat\u00eda i salut\",\"publisher\":{\"@id\":\"https:\/\/osteopatiasalud.com\/#\/schema\/person\/7f12adb35e51769f90b1fcb23d1fee10\"},\"potentialAction\":[{\"@type\":\"SearchAction\",\"target\":{\"@type\":\"EntryPoint\",\"urlTemplate\":\"https:\/\/osteopatiasalud.com\/?s={search_term_string}\"},\"query-input\":\"required name=search_term_string\"}],\"inLanguage\":\"es\"},{\"@type\":[\"Person\",\"Organization\"],\"@id\":\"https:\/\/osteopatiasalud.com\/#\/schema\/person\/7f12adb35e51769f90b1fcb23d1fee10\",\"name\":\"RODOLF\",\"image\":{\"@type\":\"ImageObject\",\"inLanguage\":\"es\",\"@id\":\"https:\/\/osteopatiasalud.com\/#\/schema\/person\/image\/\",\"url\":\"https:\/\/osteopatiasalud.com\/wp-content\/uploads\/2023\/05\/osteopatia-salud-salut-respiracion-respiracio-terpias-manuales-Rodolf-Schlachet-logo1-350.png\",\"contentUrl\":\"https:\/\/osteopatiasalud.com\/wp-content\/uploads\/2023\/05\/osteopatia-salud-salut-respiracion-respiracio-terpias-manuales-Rodolf-Schlachet-logo1-350.png\",\"width\":350,\"height\":350,\"caption\":\"RODOLF\"},\"logo\":{\"@id\":\"https:\/\/osteopatiasalud.com\/#\/schema\/person\/image\/\"},\"description\":\"El meu nom \u00e9s Rodolf Schlachet. Vaig n\u00e9ixer a Par\u00eds i estic vivint a Catalunya des de 1998. Per qu\u00e8, i per a qu\u00e8 practico l\u2019osteopatia? De jove vaig patir molts dolors de genolls i d\u2019esquena, i aix\u00f2 em va portar a descobrir l\u2019osteopatia: una ter\u00e0pia manual intel\u00b7ligent, hol\u00edstica i no agressiva. Em vaig formar a Fran\u00e7a en massatge fisioterap\u00e8utic i despr\u00e9s en osteopatia estructural, visceral i craniosacral. Vaig aprendre t\u00e8cniques angleses (t\u00e8cniques harm\u00f2niques), t\u00e8cniques russes (massatge del sistema), i aqu\u00ed a Catalunya el m\u00e8tode Poyet. M\u2019apassiona tot all\u00f2 que pot contribuir a millorar la salut, alleujar els sofriments i dolors i despertar la consci\u00e8ncia de l\u2019esser, recordar qui som\u2026 Aix\u00ed, em vaig formar en altres t\u00e8cniques que utilitzen la respiraci\u00f3 i tamb\u00e9 el fred. Soc instructor del m\u00e8tode Wim Hof, una t\u00e8cnica que combina respiraci\u00f3, fred i poder de la ment. Continuo aprenent, apassionat\u2026 i compartint. Quan tracto o ajudo un pacient, tinc la sensaci\u00f3 \u00edntima que estic fent el que he vingut a fer en aquesta vida. \u00c9s un moment sagrat i \u00e9s el meu prop\u00f2sit.\",\"sameAs\":[\"http:\/\/osteopatiasalud.com\",\"https:\/\/www.instagram.com\/osteo.rodolfo\/\"]}]}<\/script>\n<!-- \/ Yoast SEO plugin. -->","yoast_head_json":{"title":"Inici - osteopatiasalud","description":"La osteopat\u00eda es recomana per dolors d'esquena, ansietat, estr\u00e8s, dolors articulars, mals de cap, problemes digestius, problemes respiratoris","robots":{"index":"index","follow":"follow","max-snippet":"max-snippet:-1","max-image-preview":"max-image-preview:large","max-video-preview":"max-video-preview:-1"},"canonical":"https:\/\/osteopatiasalud.com\/","og_locale":"es_ES","og_type":"article","og_title":"Inici - osteopatiasalud","og_description":"La osteopat\u00eda es recomana per dolors d'esquena, ansietat, estr\u00e8s, dolors articulars, mals de cap, problemes digestius, problemes respiratoris","og_url":"https:\/\/osteopatiasalud.com\/","og_site_name":"osteopatiasalud","article_modified_time":"2023-09-19T20:14:19+00:00","og_image":[{"url":"http:\/\/osteopatiasalud.com\/wp-content\/uploads\/2023\/04\/Osteopatia-salud-terapia-manual-bienestar-masaje-Rodolf-Schlachet-sliderB-1-scaled.jpg"}],"twitter_card":"summary_large_image","twitter_misc":{"Tiempo de lectura":"1 minuto"},"schema":{"@context":"https:\/\/schema.org","@graph":[{"@type":"WebPage","@id":"https:\/\/osteopatiasalud.com\/","url":"https:\/\/osteopatiasalud.com\/","name":"Inici - osteopatiasalud","isPartOf":{"@id":"https:\/\/osteopatiasalud.com\/#website"},"datePublished":"2023-04-07T12:38:51+00:00","dateModified":"2023-09-19T20:14:19+00:00","description":"La osteopat\u00eda es recomana per dolors d'esquena, ansietat, estr\u00e8s, dolors articulars, mals de cap, problemes digestius, problemes respiratoris","breadcrumb":{"@id":"https:\/\/osteopatiasalud.com\/#breadcrumb"},"inLanguage":"es","potentialAction":[{"@type":"ReadAction","target":["https:\/\/osteopatiasalud.com\/"]}]},{"@type":"BreadcrumbList","@id":"https:\/\/osteopatiasalud.com\/#breadcrumb","itemListElement":[{"@type":"ListItem","position":1,"name":"Home","item":"https:\/\/osteopatiasalud.com\/"},{"@type":"ListItem","position":2,"name":"Inici"}]},{"@type":"WebSite","@id":"https:\/\/osteopatiasalud.com\/#website","url":"https:\/\/osteopatiasalud.com\/","name":"osteopatiasalud","description":"osteopat\u00eda i salut","publisher":{"@id":"https:\/\/osteopatiasalud.com\/#\/schema\/person\/7f12adb35e51769f90b1fcb23d1fee10"},"potentialAction":[{"@type":"SearchAction","target":{"@type":"EntryPoint","urlTemplate":"https:\/\/osteopatiasalud.com\/?s={search_term_string}"},"query-input":"required name=search_term_string"}],"inLanguage":"es"},{"@type":["Person","Organization"],"@id":"https:\/\/osteopatiasalud.com\/#\/schema\/person\/7f12adb35e51769f90b1fcb23d1fee10","name":"RODOLF","image":{"@type":"ImageObject","inLanguage":"es","@id":"https:\/\/osteopatiasalud.com\/#\/schema\/person\/image\/","url":"https:\/\/osteopatiasalud.com\/wp-content\/uploads\/2023\/05\/osteopatia-salud-salut-respiracion-respiracio-terpias-manuales-Rodolf-Schlachet-logo1-350.png","contentUrl":"https:\/\/osteopatiasalud.com\/wp-content\/uploads\/2023\/05\/osteopatia-salud-salut-respiracion-respiracio-terpias-manuales-Rodolf-Schlachet-logo1-350.png","width":350,"height":350,"caption":"RODOLF"},"logo":{"@id":"https:\/\/osteopatiasalud.com\/#\/schema\/person\/image\/"},"description":"El meu nom \u00e9s Rodolf Schlachet. Vaig n\u00e9ixer a Par\u00eds i estic vivint a Catalunya des de 1998. Per qu\u00e8, i per a qu\u00e8 practico l\u2019osteopatia? De jove vaig patir molts dolors de genolls i d\u2019esquena, i aix\u00f2 em va portar a descobrir l\u2019osteopatia: una ter\u00e0pia manual intel\u00b7ligent, hol\u00edstica i no agressiva. Em vaig formar a Fran\u00e7a en massatge fisioterap\u00e8utic i despr\u00e9s en osteopatia estructural, visceral i craniosacral. Vaig aprendre t\u00e8cniques angleses (t\u00e8cniques harm\u00f2niques), t\u00e8cniques russes (massatge del sistema), i aqu\u00ed a Catalunya el m\u00e8tode Poyet. M\u2019apassiona tot all\u00f2 que pot contribuir a millorar la salut, alleujar els sofriments i dolors i despertar la consci\u00e8ncia de l\u2019esser, recordar qui som\u2026 Aix\u00ed, em vaig formar en altres t\u00e8cniques que utilitzen la respiraci\u00f3 i tamb\u00e9 el fred. Soc instructor del m\u00e8tode Wim Hof, una t\u00e8cnica que combina respiraci\u00f3, fred i poder de la ment. Continuo aprenent, apassionat\u2026 i compartint. Quan tracto o ajudo un pacient, tinc la sensaci\u00f3 \u00edntima que estic fent el que he vingut a fer en aquesta vida. \u00c9s un moment sagrat i \u00e9s el meu prop\u00f2sit.","sameAs":["http:\/\/osteopatiasalud.com","https:\/\/www.instagram.com\/osteo.rodolfo\/"]}]}},"_links":{"self":[{"href":"https:\/\/osteopatiasalud.com\/index.php\/wp-json\/wp\/v2\/pages\/96","targetHints":{"allow":["GET"]}}],"collection":[{"href":"https:\/\/osteopatiasalud.com\/index.php\/wp-json\/wp\/v2\/pages"}],"about":[{"href":"https:\/\/osteopatiasalud.com\/index.php\/wp-json\/wp\/v2\/types\/page"}],"author":[{"embeddable":true,"href":"https:\/\/osteopatiasalud.com\/index.php\/wp-json\/wp\/v2\/users\/1"}],"replies":[{"embeddable":true,"href":"https:\/\/osteopatiasalud.com\/index.php\/wp-json\/wp\/v2\/comments?post=96"}],"version-history":[{"count":28,"href":"https:\/\/osteopatiasalud.com\/index.php\/wp-json\/wp\/v2\/pages\/96\/revisions"}],"predecessor-version":[{"id":18072,"href":"https:\/\/osteopatiasalud.com\/index.php\/wp-json\/wp\/v2\/pages\/96\/revisions\/18072"}],"wp:attachment":[{"href":"https:\/\/osteopatiasalud.com\/index.php\/wp-json\/wp\/v2\/media?parent=96"}],"curies":[{"name":"wp","href":"https:\/\/api.w.org\/{rel}","templated":true}]}}