{"id":17892,"date":"2023-08-08T14:33:09","date_gmt":"2023-08-08T14:33:09","guid":{"rendered":"http:\/\/osteopatiasalud.com\/?page_id=17892"},"modified":"2023-09-19T20:24:26","modified_gmt":"2023-09-19T20:24:26","slug":"osteopatia-cat","status":"publish","type":"page","link":"https:\/\/osteopatiasalud.com\/index.php\/osteopatia-cat\/","title":{"rendered":"Osteopat\u00eda cat"},"content":{"rendered":"\t\t<div data-elementor-type=\"wp-page\" data-elementor-id=\"17892\" class=\"elementor elementor-17892\">\n\t\t\t\t\t\t\t<div class=\"elementor-element elementor-element-56c2374 e-con-full e-flex e-con\" data-id=\"56c2374\" data-element_type=\"container\" data-settings=\"{&quot;background_background&quot;:&quot;slideshow&quot;,&quot;content_width&quot;:&quot;full&quot;,&quot;background_slideshow_gallery&quot;:[{&quot;id&quot;:140,&quot;url&quot;:&quot;http:\\\/\\\/osteopatiasalud.com\\\/wp-content\\\/uploads\\\/2023\\\/04\\\/Osteopatia-salud-terapia-manual-bienestar-masaje-Rodolf-Schlachet-sliderB-6-scaled.jpg&quot;},{&quot;id&quot;:143,&quot;url&quot;:&quot;http:\\\/\\\/osteopatiasalud.com\\\/wp-content\\\/uploads\\\/2023\\\/04\\\/Osteopatia-salud-terapia-manual-bienestar-masaje-Rodolf-Schlachet-sliderB-9-scaled.jpg&quot;}],&quot;background_slideshow_ken_burns&quot;:&quot;yes&quot;,&quot;background_slideshow_loop&quot;:&quot;yes&quot;,&quot;background_slideshow_slide_duration&quot;:5000,&quot;background_slideshow_slide_transition&quot;:&quot;fade&quot;,&quot;background_slideshow_transition_duration&quot;:500,&quot;background_slideshow_ken_burns_zoom_direction&quot;:&quot;in&quot;}\">\n\t\t\t\t<\/div>\n\t\t<div class=\"elementor-element elementor-element-30ebd00 e-con-full e-flex e-con\" data-id=\"30ebd00\" data-element_type=\"container\" data-settings=\"{&quot;content_width&quot;:&quot;full&quot;}\">\n\t\t\t\t<div class=\"elementor-element elementor-element-3af483c elementor-widget elementor-widget-text-editor\" data-id=\"3af483c\" data-element_type=\"widget\" data-widget_type=\"text-editor.default\">\n\t\t\t\t<div class=\"elementor-widget-container\">\n\t\t\t<style>\/*! elementor - v3.15.0 - 02-08-2023 *\/\n.elementor-widget-text-editor.elementor-drop-cap-view-stacked .elementor-drop-cap{background-color:#69727d;color:#fff}.elementor-widget-text-editor.elementor-drop-cap-view-framed .elementor-drop-cap{color:#69727d;border:3px solid;background-color:transparent}.elementor-widget-text-editor:not(.elementor-drop-cap-view-default) .elementor-drop-cap{margin-top:8px}.elementor-widget-text-editor:not(.elementor-drop-cap-view-default) .elementor-drop-cap-letter{width:1em;height:1em}.elementor-widget-text-editor .elementor-drop-cap{float:left;text-align:center;line-height:1;font-size:50px}.elementor-widget-text-editor .elementor-drop-cap-letter{display:inline-block}<\/style>\t\t\t\t<p><b>L\u2019osteopatia<\/b> \u00e9s una forma hol\u00edstica d\u2019entendre la salut; considera la globalitat de l\u2019organisme.&nbsp;<\/p>\n<p>Simplificant al m\u00e0xim, podem dir que \u00e9s una ter\u00e0pia manual que vol restablir el moviment saludable del cos; els moviments de les <strong>fascies<\/strong>.&nbsp;<\/p>\n<p>\u00c9s una forma de medicina alternativa que s\u2019enfoca a la relaci\u00f3 entre l\u2019estructura del cos i la seva funci\u00f3.<\/p>\n<p>A difer\u00e8ncia de la medicina convencional, que sovint s\u2019enfoca en el tractament de s\u00edmptomes individuals, l\u2019osteopatia vol abordar les causes subjacents de les malalties del pacient, i fer-ho de manera no invasiva.<\/p>\n<p>Un oste\u00f2pata valora individualment cada cas per establir un tractament personalitzat que millori la salut i el benestar de manera hol\u00edstica a llarg termini.<\/p>\t\t\t\t\t\t<\/div>\n\t\t\t\t<\/div>\n\t\t\t\t<\/div>\n\t\t\t\t\t\t\t<\/div>\n\t\t","protected":false},"excerpt":{"rendered":"<p>L\u2019osteopatia \u00e9s una forma hol\u00edstica d\u2019entendre la salut; considera la globalitat de l\u2019organisme.&nbsp; Simplificant al m\u00e0xim, podem dir que \u00e9s una ter\u00e0pia manual que vol restablir el moviment saludable del cos; els moviments de les fascies.&nbsp; \u00c9s una forma de medicina alternativa que s\u2019enfoca a la relaci\u00f3 entre l\u2019estructura del cos i la seva funci\u00f3. [&hellip;]<\/p>\n","protected":false},"author":1,"featured_media":0,"parent":0,"menu_order":0,"comment_status":"closed","ping_status":"closed","template":"elementor_header_footer","meta":{"site-sidebar-layout":"default","site-content-layout":"","ast-site-content-layout":"","site-content-style":"default","site-sidebar-style":"default","ast-global-header-display":"","ast-banner-title-visibility":"","ast-main-header-display":"","ast-hfb-above-header-display":"","ast-hfb-below-header-display":"","ast-hfb-mobile-header-display":"","site-post-title":"","ast-breadcrumbs-content":"","ast-featured-img":"","footer-sml-layout":"","theme-transparent-header-meta":"","adv-header-id-meta":"","stick-header-meta":"","header-above-stick-meta":"","header-main-stick-meta":"","header-below-stick-meta":"","astra-migrate-meta-layouts":"default","ast-page-background-enabled":"default","ast-page-background-meta":{"desktop":{"background-color":"var(--ast-global-color-4)","background-image":"","background-repeat":"repeat","background-position":"center center","background-size":"auto","background-attachment":"scroll","background-type":"","background-media":"","overlay-type":"","overlay-color":"","overlay-opacity":"","overlay-gradient":""},"tablet":{"background-color":"","background-image":"","background-repeat":"repeat","background-position":"center center","background-size":"auto","background-attachment":"scroll","background-type":"","background-media":"","overlay-type":"","overlay-color":"","overlay-opacity":"","overlay-gradient":""},"mobile":{"background-color":"","background-image":"","background-repeat":"repeat","background-position":"center center","background-size":"auto","background-attachment":"scroll","background-type":"","background-media":"","overlay-type":"","overlay-color":"","overlay-opacity":"","overlay-gradient":""}},"ast-content-background-meta":{"desktop":{"background-color":"var(--ast-global-color-5)","background-image":"","background-repeat":"repeat","background-position":"center center","background-size":"auto","background-attachment":"scroll","background-type":"","background-media":"","overlay-type":"","overlay-color":"","overlay-opacity":"","overlay-gradient":""},"tablet":{"background-color":"var(--ast-global-color-5)","background-image":"","background-repeat":"repeat","background-position":"center center","background-size":"auto","background-attachment":"scroll","background-type":"","background-media":"","overlay-type":"","overlay-color":"","overlay-opacity":"","overlay-gradient":""},"mobile":{"background-color":"var(--ast-global-color-5)","background-image":"","background-repeat":"repeat","background-position":"center center","background-size":"auto","background-attachment":"scroll","background-type":"","background-media":"","overlay-type":"","overlay-color":"","overlay-opacity":"","overlay-gradient":""}},"footnotes":""},"class_list":["post-17892","page","type-page","status-publish","hentry"],"yoast_head":"<!-- This site is optimized with the Yoast SEO plugin v20.8 - https:\/\/yoast.com\/wordpress\/plugins\/seo\/ -->\n<title>Osteopat\u00eda cat - osteopatiasalud<\/title>\n<meta name=\"description\" content=\"L\u2019osteopatia \u00e9s una forma hol\u00edstica d\u2019entendre la salut; considera la globalitat de l\u2019organisme. Simplificant al m\u00e0xim, podem dir que \u00e9s una ter\u00e0pia manual que vol restablir el moviment saludable del cos; els moviments de les fascies.\" \/>\n<meta name=\"robots\" content=\"index, follow, max-snippet:-1, max-image-preview:large, max-video-preview:-1\" \/>\n<link rel=\"canonical\" href=\"https:\/\/osteopatiasalud.com\/index.php\/osteopatia-cat\/\" \/>\n<meta property=\"og:locale\" content=\"es_ES\" \/>\n<meta property=\"og:type\" content=\"article\" \/>\n<meta property=\"og:title\" content=\"Osteopat\u00eda cat - osteopatiasalud\" \/>\n<meta property=\"og:description\" content=\"L\u2019osteopatia \u00e9s una forma hol\u00edstica d\u2019entendre la salut; considera la globalitat de l\u2019organisme. Simplificant al m\u00e0xim, podem dir que \u00e9s una ter\u00e0pia manual que vol restablir el moviment saludable del cos; els moviments de les fascies.\" \/>\n<meta property=\"og:url\" content=\"https:\/\/osteopatiasalud.com\/index.php\/osteopatia-cat\/\" \/>\n<meta property=\"og:site_name\" content=\"osteopatiasalud\" \/>\n<meta property=\"article:modified_time\" content=\"2023-09-19T20:24:26+00:00\" \/>\n<meta name=\"twitter:card\" content=\"summary_large_image\" \/>\n<meta name=\"twitter:label1\" content=\"Tiempo de lectura\" \/>\n\t<meta name=\"twitter:data1\" content=\"1 minuto\" \/>\n<script type=\"application\/ld+json\" class=\"yoast-schema-graph\">{\"@context\":\"https:\/\/schema.org\",\"@graph\":[{\"@type\":\"WebPage\",\"@id\":\"https:\/\/osteopatiasalud.com\/index.php\/osteopatia-cat\/\",\"url\":\"https:\/\/osteopatiasalud.com\/index.php\/osteopatia-cat\/\",\"name\":\"Osteopat\u00eda cat - osteopatiasalud\",\"isPartOf\":{\"@id\":\"https:\/\/osteopatiasalud.com\/#website\"},\"datePublished\":\"2023-08-08T14:33:09+00:00\",\"dateModified\":\"2023-09-19T20:24:26+00:00\",\"description\":\"L\u2019osteopatia \u00e9s una forma hol\u00edstica d\u2019entendre la salut; considera la globalitat de l\u2019organisme. Simplificant al m\u00e0xim, podem dir que \u00e9s una ter\u00e0pia manual que vol restablir el moviment saludable del cos; els moviments de les fascies.\",\"breadcrumb\":{\"@id\":\"https:\/\/osteopatiasalud.com\/index.php\/osteopatia-cat\/#breadcrumb\"},\"inLanguage\":\"es\",\"potentialAction\":[{\"@type\":\"ReadAction\",\"target\":[\"https:\/\/osteopatiasalud.com\/index.php\/osteopatia-cat\/\"]}]},{\"@type\":\"BreadcrumbList\",\"@id\":\"https:\/\/osteopatiasalud.com\/index.php\/osteopatia-cat\/#breadcrumb\",\"itemListElement\":[{\"@type\":\"ListItem\",\"position\":1,\"name\":\"Home\",\"item\":\"https:\/\/osteopatiasalud.com\/\"},{\"@type\":\"ListItem\",\"position\":2,\"name\":\"Osteopat\u00eda cat\"}]},{\"@type\":\"WebSite\",\"@id\":\"https:\/\/osteopatiasalud.com\/#website\",\"url\":\"https:\/\/osteopatiasalud.com\/\",\"name\":\"osteopatiasalud\",\"description\":\"osteopat\u00eda i salut\",\"publisher\":{\"@id\":\"https:\/\/osteopatiasalud.com\/#\/schema\/person\/7f12adb35e51769f90b1fcb23d1fee10\"},\"potentialAction\":[{\"@type\":\"SearchAction\",\"target\":{\"@type\":\"EntryPoint\",\"urlTemplate\":\"https:\/\/osteopatiasalud.com\/?s={search_term_string}\"},\"query-input\":\"required name=search_term_string\"}],\"inLanguage\":\"es\"},{\"@type\":[\"Person\",\"Organization\"],\"@id\":\"https:\/\/osteopatiasalud.com\/#\/schema\/person\/7f12adb35e51769f90b1fcb23d1fee10\",\"name\":\"RODOLF\",\"image\":{\"@type\":\"ImageObject\",\"inLanguage\":\"es\",\"@id\":\"https:\/\/osteopatiasalud.com\/#\/schema\/person\/image\/\",\"url\":\"https:\/\/osteopatiasalud.com\/wp-content\/uploads\/2023\/05\/osteopatia-salud-salut-respiracion-respiracio-terpias-manuales-Rodolf-Schlachet-logo1-350.png\",\"contentUrl\":\"https:\/\/osteopatiasalud.com\/wp-content\/uploads\/2023\/05\/osteopatia-salud-salut-respiracion-respiracio-terpias-manuales-Rodolf-Schlachet-logo1-350.png\",\"width\":350,\"height\":350,\"caption\":\"RODOLF\"},\"logo\":{\"@id\":\"https:\/\/osteopatiasalud.com\/#\/schema\/person\/image\/\"},\"description\":\"El meu nom \u00e9s Rodolf Schlachet. Vaig n\u00e9ixer a Par\u00eds i estic vivint a Catalunya des de 1998. Per qu\u00e8, i per a qu\u00e8 practico l\u2019osteopatia? De jove vaig patir molts dolors de genolls i d\u2019esquena, i aix\u00f2 em va portar a descobrir l\u2019osteopatia: una ter\u00e0pia manual intel\u00b7ligent, hol\u00edstica i no agressiva. Em vaig formar a Fran\u00e7a en massatge fisioterap\u00e8utic i despr\u00e9s en osteopatia estructural, visceral i craniosacral. Vaig aprendre t\u00e8cniques angleses (t\u00e8cniques harm\u00f2niques), t\u00e8cniques russes (massatge del sistema), i aqu\u00ed a Catalunya el m\u00e8tode Poyet. M\u2019apassiona tot all\u00f2 que pot contribuir a millorar la salut, alleujar els sofriments i dolors i despertar la consci\u00e8ncia de l\u2019esser, recordar qui som\u2026 Aix\u00ed, em vaig formar en altres t\u00e8cniques que utilitzen la respiraci\u00f3 i tamb\u00e9 el fred. Soc instructor del m\u00e8tode Wim Hof, una t\u00e8cnica que combina respiraci\u00f3, fred i poder de la ment. Continuo aprenent, apassionat\u2026 i compartint. Quan tracto o ajudo un pacient, tinc la sensaci\u00f3 \u00edntima que estic fent el que he vingut a fer en aquesta vida. \u00c9s un moment sagrat i \u00e9s el meu prop\u00f2sit.\",\"sameAs\":[\"http:\/\/osteopatiasalud.com\",\"https:\/\/www.instagram.com\/osteo.rodolfo\/\"]}]}<\/script>\n<!-- \/ Yoast SEO plugin. -->","yoast_head_json":{"title":"Osteopat\u00eda cat - osteopatiasalud","description":"L\u2019osteopatia \u00e9s una forma hol\u00edstica d\u2019entendre la salut; considera la globalitat de l\u2019organisme. Simplificant al m\u00e0xim, podem dir que \u00e9s una ter\u00e0pia manual que vol restablir el moviment saludable del cos; els moviments de les fascies.","robots":{"index":"index","follow":"follow","max-snippet":"max-snippet:-1","max-image-preview":"max-image-preview:large","max-video-preview":"max-video-preview:-1"},"canonical":"https:\/\/osteopatiasalud.com\/index.php\/osteopatia-cat\/","og_locale":"es_ES","og_type":"article","og_title":"Osteopat\u00eda cat - osteopatiasalud","og_description":"L\u2019osteopatia \u00e9s una forma hol\u00edstica d\u2019entendre la salut; considera la globalitat de l\u2019organisme. Simplificant al m\u00e0xim, podem dir que \u00e9s una ter\u00e0pia manual que vol restablir el moviment saludable del cos; els moviments de les fascies.","og_url":"https:\/\/osteopatiasalud.com\/index.php\/osteopatia-cat\/","og_site_name":"osteopatiasalud","article_modified_time":"2023-09-19T20:24:26+00:00","twitter_card":"summary_large_image","twitter_misc":{"Tiempo de lectura":"1 minuto"},"schema":{"@context":"https:\/\/schema.org","@graph":[{"@type":"WebPage","@id":"https:\/\/osteopatiasalud.com\/index.php\/osteopatia-cat\/","url":"https:\/\/osteopatiasalud.com\/index.php\/osteopatia-cat\/","name":"Osteopat\u00eda cat - osteopatiasalud","isPartOf":{"@id":"https:\/\/osteopatiasalud.com\/#website"},"datePublished":"2023-08-08T14:33:09+00:00","dateModified":"2023-09-19T20:24:26+00:00","description":"L\u2019osteopatia \u00e9s una forma hol\u00edstica d\u2019entendre la salut; considera la globalitat de l\u2019organisme. Simplificant al m\u00e0xim, podem dir que \u00e9s una ter\u00e0pia manual que vol restablir el moviment saludable del cos; els moviments de les fascies.","breadcrumb":{"@id":"https:\/\/osteopatiasalud.com\/index.php\/osteopatia-cat\/#breadcrumb"},"inLanguage":"es","potentialAction":[{"@type":"ReadAction","target":["https:\/\/osteopatiasalud.com\/index.php\/osteopatia-cat\/"]}]},{"@type":"BreadcrumbList","@id":"https:\/\/osteopatiasalud.com\/index.php\/osteopatia-cat\/#breadcrumb","itemListElement":[{"@type":"ListItem","position":1,"name":"Home","item":"https:\/\/osteopatiasalud.com\/"},{"@type":"ListItem","position":2,"name":"Osteopat\u00eda cat"}]},{"@type":"WebSite","@id":"https:\/\/osteopatiasalud.com\/#website","url":"https:\/\/osteopatiasalud.com\/","name":"osteopatiasalud","description":"osteopat\u00eda i salut","publisher":{"@id":"https:\/\/osteopatiasalud.com\/#\/schema\/person\/7f12adb35e51769f90b1fcb23d1fee10"},"potentialAction":[{"@type":"SearchAction","target":{"@type":"EntryPoint","urlTemplate":"https:\/\/osteopatiasalud.com\/?s={search_term_string}"},"query-input":"required name=search_term_string"}],"inLanguage":"es"},{"@type":["Person","Organization"],"@id":"https:\/\/osteopatiasalud.com\/#\/schema\/person\/7f12adb35e51769f90b1fcb23d1fee10","name":"RODOLF","image":{"@type":"ImageObject","inLanguage":"es","@id":"https:\/\/osteopatiasalud.com\/#\/schema\/person\/image\/","url":"https:\/\/osteopatiasalud.com\/wp-content\/uploads\/2023\/05\/osteopatia-salud-salut-respiracion-respiracio-terpias-manuales-Rodolf-Schlachet-logo1-350.png","contentUrl":"https:\/\/osteopatiasalud.com\/wp-content\/uploads\/2023\/05\/osteopatia-salud-salut-respiracion-respiracio-terpias-manuales-Rodolf-Schlachet-logo1-350.png","width":350,"height":350,"caption":"RODOLF"},"logo":{"@id":"https:\/\/osteopatiasalud.com\/#\/schema\/person\/image\/"},"description":"El meu nom \u00e9s Rodolf Schlachet. Vaig n\u00e9ixer a Par\u00eds i estic vivint a Catalunya des de 1998. Per qu\u00e8, i per a qu\u00e8 practico l\u2019osteopatia? De jove vaig patir molts dolors de genolls i d\u2019esquena, i aix\u00f2 em va portar a descobrir l\u2019osteopatia: una ter\u00e0pia manual intel\u00b7ligent, hol\u00edstica i no agressiva. Em vaig formar a Fran\u00e7a en massatge fisioterap\u00e8utic i despr\u00e9s en osteopatia estructural, visceral i craniosacral. Vaig aprendre t\u00e8cniques angleses (t\u00e8cniques harm\u00f2niques), t\u00e8cniques russes (massatge del sistema), i aqu\u00ed a Catalunya el m\u00e8tode Poyet. M\u2019apassiona tot all\u00f2 que pot contribuir a millorar la salut, alleujar els sofriments i dolors i despertar la consci\u00e8ncia de l\u2019esser, recordar qui som\u2026 Aix\u00ed, em vaig formar en altres t\u00e8cniques que utilitzen la respiraci\u00f3 i tamb\u00e9 el fred. Soc instructor del m\u00e8tode Wim Hof, una t\u00e8cnica que combina respiraci\u00f3, fred i poder de la ment. Continuo aprenent, apassionat\u2026 i compartint. Quan tracto o ajudo un pacient, tinc la sensaci\u00f3 \u00edntima que estic fent el que he vingut a fer en aquesta vida. \u00c9s un moment sagrat i \u00e9s el meu prop\u00f2sit.","sameAs":["http:\/\/osteopatiasalud.com","https:\/\/www.instagram.com\/osteo.rodolfo\/"]}]}},"_links":{"self":[{"href":"https:\/\/osteopatiasalud.com\/index.php\/wp-json\/wp\/v2\/pages\/17892","targetHints":{"allow":["GET"]}}],"collection":[{"href":"https:\/\/osteopatiasalud.com\/index.php\/wp-json\/wp\/v2\/pages"}],"about":[{"href":"https:\/\/osteopatiasalud.com\/index.php\/wp-json\/wp\/v2\/types\/page"}],"author":[{"embeddable":true,"href":"https:\/\/osteopatiasalud.com\/index.php\/wp-json\/wp\/v2\/users\/1"}],"replies":[{"embeddable":true,"href":"https:\/\/osteopatiasalud.com\/index.php\/wp-json\/wp\/v2\/comments?post=17892"}],"version-history":[{"count":15,"href":"https:\/\/osteopatiasalud.com\/index.php\/wp-json\/wp\/v2\/pages\/17892\/revisions"}],"predecessor-version":[{"id":18347,"href":"https:\/\/osteopatiasalud.com\/index.php\/wp-json\/wp\/v2\/pages\/17892\/revisions\/18347"}],"wp:attachment":[{"href":"https:\/\/osteopatiasalud.com\/index.php\/wp-json\/wp\/v2\/media?parent=17892"}],"curies":[{"name":"wp","href":"https:\/\/api.w.org\/{rel}","templated":true}]}}