{"id":17879,"date":"2023-08-08T12:34:47","date_gmt":"2023-08-08T12:34:47","guid":{"rendered":"http:\/\/osteopatiasalud.com\/?page_id=17879"},"modified":"2023-10-26T20:49:01","modified_gmt":"2023-10-26T20:49:01","slug":"quien-soy","status":"publish","type":"page","link":"https:\/\/osteopatiasalud.com\/index.php\/quien-soy\/","title":{"rendered":"Quien soy"},"content":{"rendered":"\t\t<div data-elementor-type=\"wp-page\" data-elementor-id=\"17879\" class=\"elementor elementor-17879\">\n\t\t\t\t\t\t\t<div class=\"elementor-element elementor-element-d6bf16d e-con-full e-flex e-con\" data-id=\"d6bf16d\" data-element_type=\"container\" data-settings=\"{&quot;background_background&quot;:&quot;slideshow&quot;,&quot;background_slideshow_gallery&quot;:[{&quot;id&quot;:16700,&quot;url&quot;:&quot;http:\\\/\\\/osteopatiasalud.com\\\/wp-content\\\/uploads\\\/2023\\\/05\\\/Osteopatia-\\u0010Salud-Bienestar-terapia-manual-masaje-sanacion-Rodolf-Schlachet-SliderC-6.jpg&quot;},{&quot;id&quot;:16701,&quot;url&quot;:&quot;http:\\\/\\\/osteopatiasalud.com\\\/wp-content\\\/uploads\\\/2023\\\/05\\\/Osteopatia-\\u0010Salud-Bienestar-terapia-manual-masaje-sanacion-Rodolf-Schlachet-SliderC-7.jpg&quot;}],&quot;background_slideshow_ken_burns&quot;:&quot;yes&quot;,&quot;background_slideshow_lazyload&quot;:&quot;yes&quot;,&quot;content_width&quot;:&quot;full&quot;,&quot;background_slideshow_loop&quot;:&quot;yes&quot;,&quot;background_slideshow_slide_duration&quot;:5000,&quot;background_slideshow_slide_transition&quot;:&quot;fade&quot;,&quot;background_slideshow_transition_duration&quot;:500,&quot;background_slideshow_ken_burns_zoom_direction&quot;:&quot;in&quot;}\">\n\t\t\t\t<\/div>\n\t\t<div class=\"elementor-element elementor-element-9998343 e-con-full e-flex e-con\" data-id=\"9998343\" data-element_type=\"container\" data-settings=\"{&quot;content_width&quot;:&quot;full&quot;}\">\n\t\t\t\t<div class=\"elementor-element elementor-element-69dda59 elementor-invisible elementor-widget elementor-widget-image\" data-id=\"69dda59\" data-element_type=\"widget\" data-settings=\"{&quot;_animation&quot;:&quot;fadeInDown&quot;}\" data-widget_type=\"image.default\">\n\t\t\t\t<div class=\"elementor-widget-container\">\n\t\t\t<style>\/*! elementor - v3.15.0 - 02-08-2023 *\/\n.elementor-widget-image{text-align:center}.elementor-widget-image a{display:inline-block}.elementor-widget-image a img[src$=\".svg\"]{width:48px}.elementor-widget-image img{vertical-align:middle;display:inline-block}<\/style>\t\t\t\t\t\t\t\t\t\t\t\t<img loading=\"lazy\" decoding=\"async\" width=\"768\" height=\"1151\" src=\"https:\/\/osteopatiasalud.com\/wp-content\/uploads\/2023\/05\/Rodolf-Schlachet-osteopatia-salud-terapias-manuales-terapies-manuals-salut-portrait3-768x1151.jpg\" class=\"attachment-medium_large size-medium_large wp-image-17434\" alt=\"\" srcset=\"https:\/\/osteopatiasalud.com\/wp-content\/uploads\/2023\/05\/Rodolf-Schlachet-osteopatia-salud-terapias-manuales-terapies-manuals-salut-portrait3-768x1151.jpg 768w, https:\/\/osteopatiasalud.com\/wp-content\/uploads\/2023\/05\/Rodolf-Schlachet-osteopatia-salud-terapias-manuales-terapies-manuals-salut-portrait3-200x300.jpg 200w, https:\/\/osteopatiasalud.com\/wp-content\/uploads\/2023\/05\/Rodolf-Schlachet-osteopatia-salud-terapias-manuales-terapies-manuals-salut-portrait3-683x1024.jpg 683w, https:\/\/osteopatiasalud.com\/wp-content\/uploads\/2023\/05\/Rodolf-Schlachet-osteopatia-salud-terapias-manuales-terapies-manuals-salut-portrait3.jpg 800w\" sizes=\"auto, (max-width: 768px) 100vw, 768px\" \/>\t\t\t\t\t\t\t\t\t\t\t\t\t\t\t<\/div>\n\t\t\t\t<\/div>\n\t\t\t\t<div class=\"elementor-element elementor-element-5173bc0 elementor-widget elementor-widget-text-editor\" data-id=\"5173bc0\" data-element_type=\"widget\" data-widget_type=\"text-editor.default\">\n\t\t\t\t<div class=\"elementor-widget-container\">\n\t\t\t<style>\/*! elementor - v3.15.0 - 02-08-2023 *\/\n.elementor-widget-text-editor.elementor-drop-cap-view-stacked .elementor-drop-cap{background-color:#69727d;color:#fff}.elementor-widget-text-editor.elementor-drop-cap-view-framed .elementor-drop-cap{color:#69727d;border:3px solid;background-color:transparent}.elementor-widget-text-editor:not(.elementor-drop-cap-view-default) .elementor-drop-cap{margin-top:8px}.elementor-widget-text-editor:not(.elementor-drop-cap-view-default) .elementor-drop-cap-letter{width:1em;height:1em}.elementor-widget-text-editor .elementor-drop-cap{float:left;text-align:center;line-height:1;font-size:50px}.elementor-widget-text-editor .elementor-drop-cap-letter{display:inline-block}<\/style>\t\t\t\t<p>Mi nombre es Rodolf Schlachet. Nac\u00ed en Par\u00eds y estoy viviendo en Catalu\u00f1a desde 1998.<\/p><p><strong>\u00bfPor qu\u00e9, y para qu\u00e9 practico la osteopat\u00eda?<\/strong><br \/>De joven sufr\u00ed muchos dolores de rodillas y de espalda, lo que me llev\u00f3 a descubrir la osteopat\u00eda: una terapia manual inteligente, hol\u00edstica y no agresiva.<\/p><p>Me form\u00e9 en Francia en masaje fisioterap\u00e9utico y despu\u00e9s en osteopat\u00eda craneosacral. Aprend\u00ed t\u00e9cnicas inglesas (t\u00e9cnicas arm\u00f3nicas), t\u00e9cnicas rusas (masaje sistema), y aqu\u00ed en Catalu\u00f1a el m\u00e9todo Poyet.<\/p><p>Me apasiona todo lo que puede contribuir a mejorar la salud, aliviar los sufrimientos y dolores y despertar la conciencia del ser, recordar qui\u00e9nes somos\u2026<\/p><p>As\u00ed, me form\u00e9 en otras t\u00e9cnicas que utilizan la respiraci\u00f3n y el fr\u00edo. Soy instructor del m\u00e9todo Wim Hof, una t\u00e9cnica que combina respiraci\u00f3n, fr\u00edo y poder de la mente.<\/p><p>Sigo aprendiendo, apasionado\u2026 y compartiendo.<\/p><p><strong>Cuando trato o ayudo a un paciente, tengo la sensaci\u00f3n \u00edntima de que estoy haciendo lo que he venido a hacer en esta vida. Es un momento sagrado y mi prop\u00f3sito.<\/strong><\/p>\t\t\t\t\t\t<\/div>\n\t\t\t\t<\/div>\n\t\t\t\t<\/div>\n\t\t\t\t\t\t\t<\/div>\n\t\t","protected":false},"excerpt":{"rendered":"<p>Mi nombre es Rodolf Schlachet. Nac\u00ed en Par\u00eds y estoy viviendo en Catalu\u00f1a desde 1998. \u00bfPor qu\u00e9, y para qu\u00e9 practico la osteopat\u00eda?De joven sufr\u00ed muchos dolores de rodillas y de espalda, lo que me llev\u00f3 a descubrir la osteopat\u00eda: una terapia manual inteligente, hol\u00edstica y no agresiva. Me form\u00e9 en Francia en masaje fisioterap\u00e9utico [&hellip;]<\/p>\n","protected":false},"author":1,"featured_media":0,"parent":0,"menu_order":0,"comment_status":"closed","ping_status":"closed","template":"elementor_header_footer","meta":{"site-sidebar-layout":"default","site-content-layout":"","ast-site-content-layout":"","site-content-style":"default","site-sidebar-style":"default","ast-global-header-display":"","ast-banner-title-visibility":"","ast-main-header-display":"","ast-hfb-above-header-display":"","ast-hfb-below-header-display":"","ast-hfb-mobile-header-display":"","site-post-title":"","ast-breadcrumbs-content":"","ast-featured-img":"","footer-sml-layout":"","theme-transparent-header-meta":"","adv-header-id-meta":"","stick-header-meta":"","header-above-stick-meta":"","header-main-stick-meta":"","header-below-stick-meta":"","astra-migrate-meta-layouts":"default","ast-page-background-enabled":"default","ast-page-background-meta":{"desktop":{"background-color":"var(--ast-global-color-4)","background-image":"","background-repeat":"repeat","background-position":"center center","background-size":"auto","background-attachment":"scroll","background-type":"","background-media":"","overlay-type":"","overlay-color":"","overlay-opacity":"","overlay-gradient":""},"tablet":{"background-color":"","background-image":"","background-repeat":"repeat","background-position":"center center","background-size":"auto","background-attachment":"scroll","background-type":"","background-media":"","overlay-type":"","overlay-color":"","overlay-opacity":"","overlay-gradient":""},"mobile":{"background-color":"","background-image":"","background-repeat":"repeat","background-position":"center center","background-size":"auto","background-attachment":"scroll","background-type":"","background-media":"","overlay-type":"","overlay-color":"","overlay-opacity":"","overlay-gradient":""}},"ast-content-background-meta":{"desktop":{"background-color":"var(--ast-global-color-5)","background-image":"","background-repeat":"repeat","background-position":"center center","background-size":"auto","background-attachment":"scroll","background-type":"","background-media":"","overlay-type":"","overlay-color":"","overlay-opacity":"","overlay-gradient":""},"tablet":{"background-color":"var(--ast-global-color-5)","background-image":"","background-repeat":"repeat","background-position":"center center","background-size":"auto","background-attachment":"scroll","background-type":"","background-media":"","overlay-type":"","overlay-color":"","overlay-opacity":"","overlay-gradient":""},"mobile":{"background-color":"var(--ast-global-color-5)","background-image":"","background-repeat":"repeat","background-position":"center center","background-size":"auto","background-attachment":"scroll","background-type":"","background-media":"","overlay-type":"","overlay-color":"","overlay-opacity":"","overlay-gradient":""}},"footnotes":""},"class_list":["post-17879","page","type-page","status-publish","hentry"],"yoast_head":"<!-- This site is optimized with the Yoast SEO plugin v20.8 - https:\/\/yoast.com\/wordpress\/plugins\/seo\/ -->\n<title>Quien soy - osteopatiasalud<\/title>\n<meta name=\"description\" content=\"Cuando trato o ayudo a un paciente, tengo la sensaci\u00f3n \u00edntima de que estoy haciendo lo que he venido a hacer en esta vida. Es un momento sagrado y mi prop\u00f3sito.\" \/>\n<meta name=\"robots\" content=\"index, follow, max-snippet:-1, max-image-preview:large, max-video-preview:-1\" \/>\n<link rel=\"canonical\" href=\"https:\/\/osteopatiasalud.com\/index.php\/quien-soy\/\" \/>\n<meta property=\"og:locale\" content=\"es_ES\" \/>\n<meta property=\"og:type\" content=\"article\" \/>\n<meta property=\"og:title\" content=\"Quien soy - osteopatiasalud\" \/>\n<meta property=\"og:description\" content=\"Cuando trato o ayudo a un paciente, tengo la sensaci\u00f3n \u00edntima de que estoy haciendo lo que he venido a hacer en esta vida. Es un momento sagrado y mi prop\u00f3sito.\" \/>\n<meta property=\"og:url\" content=\"https:\/\/osteopatiasalud.com\/index.php\/quien-soy\/\" \/>\n<meta property=\"og:site_name\" content=\"osteopatiasalud\" \/>\n<meta property=\"article:modified_time\" content=\"2023-10-26T20:49:01+00:00\" \/>\n<meta property=\"og:image\" content=\"http:\/\/osteopatiasalud.com\/wp-content\/uploads\/2023\/05\/Rodolf-Schlachet-osteopatia-salud-terapias-manuales-terapies-manuals-salut-portrait3-768x1151.jpg\" \/>\n<meta name=\"twitter:card\" content=\"summary_large_image\" \/>\n<meta name=\"twitter:label1\" content=\"Tiempo de lectura\" \/>\n\t<meta name=\"twitter:data1\" content=\"1 minuto\" \/>\n<script type=\"application\/ld+json\" class=\"yoast-schema-graph\">{\"@context\":\"https:\/\/schema.org\",\"@graph\":[{\"@type\":\"WebPage\",\"@id\":\"https:\/\/osteopatiasalud.com\/index.php\/quien-soy\/\",\"url\":\"https:\/\/osteopatiasalud.com\/index.php\/quien-soy\/\",\"name\":\"Quien soy - osteopatiasalud\",\"isPartOf\":{\"@id\":\"https:\/\/osteopatiasalud.com\/#website\"},\"datePublished\":\"2023-08-08T12:34:47+00:00\",\"dateModified\":\"2023-10-26T20:49:01+00:00\",\"description\":\"Cuando trato o ayudo a un paciente, tengo la sensaci\u00f3n \u00edntima de que estoy haciendo lo que he venido a hacer en esta vida. Es un momento sagrado y mi prop\u00f3sito.\",\"breadcrumb\":{\"@id\":\"https:\/\/osteopatiasalud.com\/index.php\/quien-soy\/#breadcrumb\"},\"inLanguage\":\"es\",\"potentialAction\":[{\"@type\":\"ReadAction\",\"target\":[\"https:\/\/osteopatiasalud.com\/index.php\/quien-soy\/\"]}]},{\"@type\":\"BreadcrumbList\",\"@id\":\"https:\/\/osteopatiasalud.com\/index.php\/quien-soy\/#breadcrumb\",\"itemListElement\":[{\"@type\":\"ListItem\",\"position\":1,\"name\":\"Home\",\"item\":\"https:\/\/osteopatiasalud.com\/\"},{\"@type\":\"ListItem\",\"position\":2,\"name\":\"Quien soy\"}]},{\"@type\":\"WebSite\",\"@id\":\"https:\/\/osteopatiasalud.com\/#website\",\"url\":\"https:\/\/osteopatiasalud.com\/\",\"name\":\"osteopatiasalud\",\"description\":\"osteopat\u00eda i salut\",\"publisher\":{\"@id\":\"https:\/\/osteopatiasalud.com\/#\/schema\/person\/7f12adb35e51769f90b1fcb23d1fee10\"},\"potentialAction\":[{\"@type\":\"SearchAction\",\"target\":{\"@type\":\"EntryPoint\",\"urlTemplate\":\"https:\/\/osteopatiasalud.com\/?s={search_term_string}\"},\"query-input\":\"required name=search_term_string\"}],\"inLanguage\":\"es\"},{\"@type\":[\"Person\",\"Organization\"],\"@id\":\"https:\/\/osteopatiasalud.com\/#\/schema\/person\/7f12adb35e51769f90b1fcb23d1fee10\",\"name\":\"RODOLF\",\"image\":{\"@type\":\"ImageObject\",\"inLanguage\":\"es\",\"@id\":\"https:\/\/osteopatiasalud.com\/#\/schema\/person\/image\/\",\"url\":\"https:\/\/osteopatiasalud.com\/wp-content\/uploads\/2023\/05\/osteopatia-salud-salut-respiracion-respiracio-terpias-manuales-Rodolf-Schlachet-logo1-350.png\",\"contentUrl\":\"https:\/\/osteopatiasalud.com\/wp-content\/uploads\/2023\/05\/osteopatia-salud-salut-respiracion-respiracio-terpias-manuales-Rodolf-Schlachet-logo1-350.png\",\"width\":350,\"height\":350,\"caption\":\"RODOLF\"},\"logo\":{\"@id\":\"https:\/\/osteopatiasalud.com\/#\/schema\/person\/image\/\"},\"description\":\"El meu nom \u00e9s Rodolf Schlachet. Vaig n\u00e9ixer a Par\u00eds i estic vivint a Catalunya des de 1998. Per qu\u00e8, i per a qu\u00e8 practico l\u2019osteopatia? De jove vaig patir molts dolors de genolls i d\u2019esquena, i aix\u00f2 em va portar a descobrir l\u2019osteopatia: una ter\u00e0pia manual intel\u00b7ligent, hol\u00edstica i no agressiva. Em vaig formar a Fran\u00e7a en massatge fisioterap\u00e8utic i despr\u00e9s en osteopatia estructural, visceral i craniosacral. Vaig aprendre t\u00e8cniques angleses (t\u00e8cniques harm\u00f2niques), t\u00e8cniques russes (massatge del sistema), i aqu\u00ed a Catalunya el m\u00e8tode Poyet. M\u2019apassiona tot all\u00f2 que pot contribuir a millorar la salut, alleujar els sofriments i dolors i despertar la consci\u00e8ncia de l\u2019esser, recordar qui som\u2026 Aix\u00ed, em vaig formar en altres t\u00e8cniques que utilitzen la respiraci\u00f3 i tamb\u00e9 el fred. Soc instructor del m\u00e8tode Wim Hof, una t\u00e8cnica que combina respiraci\u00f3, fred i poder de la ment. Continuo aprenent, apassionat\u2026 i compartint. Quan tracto o ajudo un pacient, tinc la sensaci\u00f3 \u00edntima que estic fent el que he vingut a fer en aquesta vida. \u00c9s un moment sagrat i \u00e9s el meu prop\u00f2sit.\",\"sameAs\":[\"http:\/\/osteopatiasalud.com\",\"https:\/\/www.instagram.com\/osteo.rodolfo\/\"]}]}<\/script>\n<!-- \/ Yoast SEO plugin. -->","yoast_head_json":{"title":"Quien soy - osteopatiasalud","description":"Cuando trato o ayudo a un paciente, tengo la sensaci\u00f3n \u00edntima de que estoy haciendo lo que he venido a hacer en esta vida. Es un momento sagrado y mi prop\u00f3sito.","robots":{"index":"index","follow":"follow","max-snippet":"max-snippet:-1","max-image-preview":"max-image-preview:large","max-video-preview":"max-video-preview:-1"},"canonical":"https:\/\/osteopatiasalud.com\/index.php\/quien-soy\/","og_locale":"es_ES","og_type":"article","og_title":"Quien soy - osteopatiasalud","og_description":"Cuando trato o ayudo a un paciente, tengo la sensaci\u00f3n \u00edntima de que estoy haciendo lo que he venido a hacer en esta vida. Es un momento sagrado y mi prop\u00f3sito.","og_url":"https:\/\/osteopatiasalud.com\/index.php\/quien-soy\/","og_site_name":"osteopatiasalud","article_modified_time":"2023-10-26T20:49:01+00:00","og_image":[{"url":"http:\/\/osteopatiasalud.com\/wp-content\/uploads\/2023\/05\/Rodolf-Schlachet-osteopatia-salud-terapias-manuales-terapies-manuals-salut-portrait3-768x1151.jpg"}],"twitter_card":"summary_large_image","twitter_misc":{"Tiempo de lectura":"1 minuto"},"schema":{"@context":"https:\/\/schema.org","@graph":[{"@type":"WebPage","@id":"https:\/\/osteopatiasalud.com\/index.php\/quien-soy\/","url":"https:\/\/osteopatiasalud.com\/index.php\/quien-soy\/","name":"Quien soy - osteopatiasalud","isPartOf":{"@id":"https:\/\/osteopatiasalud.com\/#website"},"datePublished":"2023-08-08T12:34:47+00:00","dateModified":"2023-10-26T20:49:01+00:00","description":"Cuando trato o ayudo a un paciente, tengo la sensaci\u00f3n \u00edntima de que estoy haciendo lo que he venido a hacer en esta vida. Es un momento sagrado y mi prop\u00f3sito.","breadcrumb":{"@id":"https:\/\/osteopatiasalud.com\/index.php\/quien-soy\/#breadcrumb"},"inLanguage":"es","potentialAction":[{"@type":"ReadAction","target":["https:\/\/osteopatiasalud.com\/index.php\/quien-soy\/"]}]},{"@type":"BreadcrumbList","@id":"https:\/\/osteopatiasalud.com\/index.php\/quien-soy\/#breadcrumb","itemListElement":[{"@type":"ListItem","position":1,"name":"Home","item":"https:\/\/osteopatiasalud.com\/"},{"@type":"ListItem","position":2,"name":"Quien soy"}]},{"@type":"WebSite","@id":"https:\/\/osteopatiasalud.com\/#website","url":"https:\/\/osteopatiasalud.com\/","name":"osteopatiasalud","description":"osteopat\u00eda i salut","publisher":{"@id":"https:\/\/osteopatiasalud.com\/#\/schema\/person\/7f12adb35e51769f90b1fcb23d1fee10"},"potentialAction":[{"@type":"SearchAction","target":{"@type":"EntryPoint","urlTemplate":"https:\/\/osteopatiasalud.com\/?s={search_term_string}"},"query-input":"required name=search_term_string"}],"inLanguage":"es"},{"@type":["Person","Organization"],"@id":"https:\/\/osteopatiasalud.com\/#\/schema\/person\/7f12adb35e51769f90b1fcb23d1fee10","name":"RODOLF","image":{"@type":"ImageObject","inLanguage":"es","@id":"https:\/\/osteopatiasalud.com\/#\/schema\/person\/image\/","url":"https:\/\/osteopatiasalud.com\/wp-content\/uploads\/2023\/05\/osteopatia-salud-salut-respiracion-respiracio-terpias-manuales-Rodolf-Schlachet-logo1-350.png","contentUrl":"https:\/\/osteopatiasalud.com\/wp-content\/uploads\/2023\/05\/osteopatia-salud-salut-respiracion-respiracio-terpias-manuales-Rodolf-Schlachet-logo1-350.png","width":350,"height":350,"caption":"RODOLF"},"logo":{"@id":"https:\/\/osteopatiasalud.com\/#\/schema\/person\/image\/"},"description":"El meu nom \u00e9s Rodolf Schlachet. Vaig n\u00e9ixer a Par\u00eds i estic vivint a Catalunya des de 1998. Per qu\u00e8, i per a qu\u00e8 practico l\u2019osteopatia? De jove vaig patir molts dolors de genolls i d\u2019esquena, i aix\u00f2 em va portar a descobrir l\u2019osteopatia: una ter\u00e0pia manual intel\u00b7ligent, hol\u00edstica i no agressiva. Em vaig formar a Fran\u00e7a en massatge fisioterap\u00e8utic i despr\u00e9s en osteopatia estructural, visceral i craniosacral. Vaig aprendre t\u00e8cniques angleses (t\u00e8cniques harm\u00f2niques), t\u00e8cniques russes (massatge del sistema), i aqu\u00ed a Catalunya el m\u00e8tode Poyet. M\u2019apassiona tot all\u00f2 que pot contribuir a millorar la salut, alleujar els sofriments i dolors i despertar la consci\u00e8ncia de l\u2019esser, recordar qui som\u2026 Aix\u00ed, em vaig formar en altres t\u00e8cniques que utilitzen la respiraci\u00f3 i tamb\u00e9 el fred. Soc instructor del m\u00e8tode Wim Hof, una t\u00e8cnica que combina respiraci\u00f3, fred i poder de la ment. Continuo aprenent, apassionat\u2026 i compartint. Quan tracto o ajudo un pacient, tinc la sensaci\u00f3 \u00edntima que estic fent el que he vingut a fer en aquesta vida. \u00c9s un moment sagrat i \u00e9s el meu prop\u00f2sit.","sameAs":["http:\/\/osteopatiasalud.com","https:\/\/www.instagram.com\/osteo.rodolfo\/"]}]}},"_links":{"self":[{"href":"https:\/\/osteopatiasalud.com\/index.php\/wp-json\/wp\/v2\/pages\/17879","targetHints":{"allow":["GET"]}}],"collection":[{"href":"https:\/\/osteopatiasalud.com\/index.php\/wp-json\/wp\/v2\/pages"}],"about":[{"href":"https:\/\/osteopatiasalud.com\/index.php\/wp-json\/wp\/v2\/types\/page"}],"author":[{"embeddable":true,"href":"https:\/\/osteopatiasalud.com\/index.php\/wp-json\/wp\/v2\/users\/1"}],"replies":[{"embeddable":true,"href":"https:\/\/osteopatiasalud.com\/index.php\/wp-json\/wp\/v2\/comments?post=17879"}],"version-history":[{"count":36,"href":"https:\/\/osteopatiasalud.com\/index.php\/wp-json\/wp\/v2\/pages\/17879\/revisions"}],"predecessor-version":[{"id":18356,"href":"https:\/\/osteopatiasalud.com\/index.php\/wp-json\/wp\/v2\/pages\/17879\/revisions\/18356"}],"wp:attachment":[{"href":"https:\/\/osteopatiasalud.com\/index.php\/wp-json\/wp\/v2\/media?parent=17879"}],"curies":[{"name":"wp","href":"https:\/\/api.w.org\/{rel}","templated":true}]}}