{"id":17503,"date":"2023-05-17T19:10:53","date_gmt":"2023-05-17T19:10:53","guid":{"rendered":"http:\/\/osteopatiasalud.com\/?page_id=17503"},"modified":"2023-09-14T17:19:42","modified_gmt":"2023-09-14T17:19:42","slug":"contacto","status":"publish","type":"page","link":"https:\/\/osteopatiasalud.com\/index.php\/contacto\/","title":{"rendered":"Contacto"},"content":{"rendered":"\t\t<div data-elementor-type=\"wp-page\" data-elementor-id=\"17503\" class=\"elementor elementor-17503\">\n\t\t\t\t\t\t\t<div class=\"elementor-element elementor-element-c9bb80e e-con-full e-flex e-con\" data-id=\"c9bb80e\" data-element_type=\"container\" data-settings=\"{&quot;background_background&quot;:&quot;slideshow&quot;,&quot;background_slideshow_gallery&quot;:[{&quot;id&quot;:142,&quot;url&quot;:&quot;http:\\\/\\\/osteopatiasalud.com\\\/wp-content\\\/uploads\\\/2023\\\/04\\\/Osteopatia-salud-terapia-manual-bienestar-masaje-Rodolf-Schlachet-sliderB-8-scaled.jpg&quot;},{&quot;id&quot;:140,&quot;url&quot;:&quot;http:\\\/\\\/osteopatiasalud.com\\\/wp-content\\\/uploads\\\/2023\\\/04\\\/Osteopatia-salud-terapia-manual-bienestar-masaje-Rodolf-Schlachet-sliderB-6-scaled.jpg&quot;}],&quot;background_slideshow_ken_burns&quot;:&quot;yes&quot;,&quot;content_width&quot;:&quot;full&quot;,&quot;background_slideshow_loop&quot;:&quot;yes&quot;,&quot;background_slideshow_slide_duration&quot;:5000,&quot;background_slideshow_slide_transition&quot;:&quot;fade&quot;,&quot;background_slideshow_transition_duration&quot;:500,&quot;background_slideshow_ken_burns_zoom_direction&quot;:&quot;in&quot;}\">\n\t\t\t\t<div class=\"elementor-element elementor-element-e9f55b8 elementor-absolute elementor-widget__width-initial elementor-widget elementor-widget-text-editor\" data-id=\"e9f55b8\" data-element_type=\"widget\" data-settings=\"{&quot;_position&quot;:&quot;absolute&quot;}\" data-widget_type=\"text-editor.default\">\n\t\t\t\t<div class=\"elementor-widget-container\">\n\t\t\t<style>\/*! elementor - v3.15.0 - 02-08-2023 *\/\n.elementor-widget-text-editor.elementor-drop-cap-view-stacked .elementor-drop-cap{background-color:#69727d;color:#fff}.elementor-widget-text-editor.elementor-drop-cap-view-framed .elementor-drop-cap{color:#69727d;border:3px solid;background-color:transparent}.elementor-widget-text-editor:not(.elementor-drop-cap-view-default) .elementor-drop-cap{margin-top:8px}.elementor-widget-text-editor:not(.elementor-drop-cap-view-default) .elementor-drop-cap-letter{width:1em;height:1em}.elementor-widget-text-editor .elementor-drop-cap{float:left;text-align:center;line-height:1;font-size:50px}.elementor-widget-text-editor .elementor-drop-cap-letter{display:inline-block}<\/style>\t\t\t\t<h4 style=\"text-align: left;\"><span style=\"color: #00ffff;\"><strong>Reserva tu cita<br \/><\/strong><\/span><strong><span style=\"color: #00ffff;\">636 13 55 77<\/span><\/strong><br \/><span style=\"color: #00ffff;\">rodolf@osteopatiasalud.com<\/span><\/h4>\t\t\t\t\t\t<\/div>\n\t\t\t\t<\/div>\n\t\t\t\t<\/div>\n\t\t<div class=\"elementor-element elementor-element-0a036f5 e-con-full e-flex e-con\" data-id=\"0a036f5\" data-element_type=\"container\" data-settings=\"{&quot;background_background&quot;:&quot;classic&quot;,&quot;content_width&quot;:&quot;full&quot;}\">\n\t\t<div class=\"elementor-element elementor-element-ac6b280 e-con-full e-flex e-con\" data-id=\"ac6b280\" data-element_type=\"container\" data-settings=\"{&quot;content_width&quot;:&quot;full&quot;,&quot;background_background&quot;:&quot;slideshow&quot;,&quot;background_slideshow_gallery&quot;:[],&quot;background_slideshow_loop&quot;:&quot;yes&quot;,&quot;background_slideshow_slide_duration&quot;:5000,&quot;background_slideshow_slide_transition&quot;:&quot;fade&quot;,&quot;background_slideshow_transition_duration&quot;:500}\">\n\t\t\t\t<div class=\"elementor-element elementor-element-628c0ed elementor-widget elementor-widget-text-editor\" data-id=\"628c0ed\" data-element_type=\"widget\" data-widget_type=\"text-editor.default\">\n\t\t\t\t<div class=\"elementor-widget-container\">\n\t\t\t\t\t\t\t<h3><strong>BANYOLES<\/strong><\/h3>\t\t\t\t\t\t<\/div>\n\t\t\t\t<\/div>\n\t\t\t\t<div class=\"elementor-element elementor-element-c8f3b55 elementor-widget elementor-widget-google_maps\" data-id=\"c8f3b55\" data-element_type=\"widget\" data-widget_type=\"google_maps.default\">\n\t\t\t\t<div class=\"elementor-widget-container\">\n\t\t\t<style>\/*! elementor - v3.15.0 - 02-08-2023 *\/\n.elementor-widget-google_maps .elementor-widget-container{overflow:hidden}.elementor-widget-google_maps .elementor-custom-embed{line-height:0}.elementor-widget-google_maps iframe{height:300px}<\/style>\t\t<div class=\"elementor-custom-embed\">\n\t\t\t<iframe loading=\"lazy\"\n\t\t\t\t\tsrc=\"https:\/\/maps.google.com\/maps?q=Carrer%20Josep%20Tarradellas%2016%2C%20%20Banyoles&#038;t=m&#038;z=15&#038;output=embed&#038;iwloc=near\"\n\t\t\t\t\ttitle=\"Carrer Josep Tarradellas 16,  Banyoles\"\n\t\t\t\t\taria-label=\"Carrer Josep Tarradellas 16,  Banyoles\"\n\t\t\t><\/iframe>\n\t\t<\/div>\n\t\t\t\t<\/div>\n\t\t\t\t<\/div>\n\t\t\t\t<div class=\"elementor-element elementor-element-ba28504 elementor-widget elementor-widget-text-editor\" data-id=\"ba28504\" data-element_type=\"widget\" data-widget_type=\"text-editor.default\">\n\t\t\t\t<div class=\"elementor-widget-container\">\n\t\t\t\t\t\t\t<p><span style=\"color: #000000;\"><strong>Centre OM<\/strong><\/span><br \/><span style=\"color: #000000;\">Carrer Josep Tarradellas, 16<\/span><br \/><br \/><\/p>\t\t\t\t\t\t<\/div>\n\t\t\t\t<\/div>\n\t\t\t\t<\/div>\n\t\t<div class=\"elementor-element elementor-element-cebeb6b e-con-full e-flex e-con\" data-id=\"cebeb6b\" data-element_type=\"container\" data-settings=\"{&quot;content_width&quot;:&quot;full&quot;}\">\n\t\t\t\t<div class=\"elementor-element elementor-element-c1a216d elementor-widget elementor-widget-text-editor\" data-id=\"c1a216d\" data-element_type=\"widget\" data-widget_type=\"text-editor.default\">\n\t\t\t\t<div class=\"elementor-widget-container\">\n\t\t\t\t\t\t\t<h3><strong>GIRONA<\/strong><\/h3>\t\t\t\t\t\t<\/div>\n\t\t\t\t<\/div>\n\t\t\t\t<div class=\"elementor-element elementor-element-f9ebb1e elementor-widget elementor-widget-google_maps\" data-id=\"f9ebb1e\" data-element_type=\"widget\" data-widget_type=\"google_maps.default\">\n\t\t\t\t<div class=\"elementor-widget-container\">\n\t\t\t\t\t<div class=\"elementor-custom-embed\">\n\t\t\t<iframe loading=\"lazy\"\n\t\t\t\t\tsrc=\"https:\/\/maps.google.com\/maps?q=Carrer%20Major%20de%20Sarri%C3%A0%2C%2060%2C%20Sarri%C3%A1%20de%20Ter&#038;t=m&#038;z=15&#038;output=embed&#038;iwloc=near\"\n\t\t\t\t\ttitle=\"Carrer Major de Sarri\u00e0, 60, Sarri\u00e1 de Ter\"\n\t\t\t\t\taria-label=\"Carrer Major de Sarri\u00e0, 60, Sarri\u00e1 de Ter\"\n\t\t\t><\/iframe>\n\t\t<\/div>\n\t\t\t\t<\/div>\n\t\t\t\t<\/div>\n\t\t\t\t<div class=\"elementor-element elementor-element-7959706 elementor-widget elementor-widget-text-editor\" data-id=\"7959706\" data-element_type=\"widget\" data-widget_type=\"text-editor.default\">\n\t\t\t\t<div class=\"elementor-widget-container\">\n\t\t\t\t\t\t\t<p><span style=\"color: #000000;\"><strong>Cercle Vital<\/strong><\/span><br \/><span style=\"color: #000000;\">c\/ Major de Sarria, 60\u00a0<\/span><br \/><br \/><\/p>\t\t\t\t\t\t<\/div>\n\t\t\t\t<\/div>\n\t\t\t\t<\/div>\n\t\t<div class=\"elementor-element elementor-element-11a8e31 e-con-full e-flex e-con\" data-id=\"11a8e31\" data-element_type=\"container\" data-settings=\"{&quot;content_width&quot;:&quot;full&quot;}\">\n\t\t\t\t<div class=\"elementor-element elementor-element-596d696 elementor-widget elementor-widget-text-editor\" data-id=\"596d696\" data-element_type=\"widget\" data-widget_type=\"text-editor.default\">\n\t\t\t\t<div class=\"elementor-widget-container\">\n\t\t\t\t\t\t\t<h3><strong>MANLLEU<\/strong><\/h3>\t\t\t\t\t\t<\/div>\n\t\t\t\t<\/div>\n\t\t\t\t<div class=\"elementor-element elementor-element-62de50a elementor-widget elementor-widget-google_maps\" data-id=\"62de50a\" data-element_type=\"widget\" data-widget_type=\"google_maps.default\">\n\t\t\t\t<div class=\"elementor-widget-container\">\n\t\t\t\t\t<div class=\"elementor-custom-embed\">\n\t\t\t<iframe loading=\"lazy\"\n\t\t\t\t\tsrc=\"https:\/\/maps.google.com\/maps?q=Dalt%20de%20la%20vila%206%2C%20mannlleu&#038;t=m&#038;z=15&#038;output=embed&#038;iwloc=near\"\n\t\t\t\t\ttitle=\"Dalt de la vila 6, mannlleu\"\n\t\t\t\t\taria-label=\"Dalt de la vila 6, mannlleu\"\n\t\t\t><\/iframe>\n\t\t<\/div>\n\t\t\t\t<\/div>\n\t\t\t\t<\/div>\n\t\t\t\t<div class=\"elementor-element elementor-element-1fcf811 elementor-widget elementor-widget-text-editor\" data-id=\"1fcf811\" data-element_type=\"widget\" data-widget_type=\"text-editor.default\">\n\t\t\t\t<div class=\"elementor-widget-container\">\n\t\t\t\t\t\t\t<p><span style=\"color: #000000;\"><strong>Herbolaria Encarna<\/strong><\/span><br \/><span style=\"color: #000000;\">Pla\u00e7a Dalt de la Vila 6<\/span><\/p>\t\t\t\t\t\t<\/div>\n\t\t\t\t<\/div>\n\t\t\t\t<\/div>\n\t\t\t\t<\/div>\n\t\t<div class=\"elementor-element elementor-element-68e0532 e-con-full e-flex e-con\" data-id=\"68e0532\" data-element_type=\"container\" data-settings=\"{&quot;background_background&quot;:&quot;classic&quot;,&quot;content_width&quot;:&quot;full&quot;}\" data-e-bg-lazyload=\"\">\n\t\t\t\t<div class=\"elementor-element elementor-element-df52045 elementor-widget elementor-widget-text-editor\" data-id=\"df52045\" data-element_type=\"widget\" data-widget_type=\"text-editor.default\">\n\t\t\t\t<div class=\"elementor-widget-container\">\n\t\t\t\t\t\t\t<h4 style=\"text-align: left;\"><span style=\"color: #00ffff;\"><strong>Reserva tu cita<br \/><\/strong><\/span><strong><span style=\"color: #00ffff;\">636 13 55 77<\/span><\/strong><br \/><span style=\"color: #00ffff;\">rodolf@osteopatiasalud.com<\/span><\/h4>\t\t\t\t\t\t<\/div>\n\t\t\t\t<\/div>\n\t\t\t\t<\/div>\n\t\t\t\t\t\t\t<\/div>\n\t\t","protected":false},"excerpt":{"rendered":"<p>Reserva tu cita636 13 55 77rodolf@osteopatiasalud.com BANYOLES Centre OMCarrer Josep Tarradellas, 16 GIRONA Cercle Vitalc\/ Major de Sarria, 60\u00a0 MANLLEU Herbolaria EncarnaPla\u00e7a Dalt de la Vila 6 Reserva tu cita636 13 55 77rodolf@osteopatiasalud.com<\/p>\n","protected":false},"author":1,"featured_media":0,"parent":0,"menu_order":0,"comment_status":"closed","ping_status":"closed","template":"","meta":{"site-sidebar-layout":"no-sidebar","site-content-layout":"page-builder","ast-site-content-layout":"","site-content-style":"default","site-sidebar-style":"default","ast-global-header-display":"","ast-banner-title-visibility":"","ast-main-header-display":"","ast-hfb-above-header-display":"","ast-hfb-below-header-display":"","ast-hfb-mobile-header-display":"","site-post-title":"disabled","ast-breadcrumbs-content":"","ast-featured-img":"disabled","footer-sml-layout":"","theme-transparent-header-meta":"","adv-header-id-meta":"","stick-header-meta":"","header-above-stick-meta":"","header-main-stick-meta":"","header-below-stick-meta":"","astra-migrate-meta-layouts":"default","ast-page-background-enabled":"default","ast-page-background-meta":{"desktop":{"background-color":"var(--ast-global-color-4)","background-image":"","background-repeat":"repeat","background-position":"center center","background-size":"auto","background-attachment":"scroll","background-type":"","background-media":"","overlay-type":"","overlay-color":"","overlay-opacity":"","overlay-gradient":""},"tablet":{"background-color":"","background-image":"","background-repeat":"repeat","background-position":"center center","background-size":"auto","background-attachment":"scroll","background-type":"","background-media":"","overlay-type":"","overlay-color":"","overlay-opacity":"","overlay-gradient":""},"mobile":{"background-color":"","background-image":"","background-repeat":"repeat","background-position":"center center","background-size":"auto","background-attachment":"scroll","background-type":"","background-media":"","overlay-type":"","overlay-color":"","overlay-opacity":"","overlay-gradient":""}},"ast-content-background-meta":{"desktop":{"background-color":"var(--ast-global-color-5)","background-image":"","background-repeat":"repeat","background-position":"center center","background-size":"auto","background-attachment":"scroll","background-type":"","background-media":"","overlay-type":"","overlay-color":"","overlay-opacity":"","overlay-gradient":""},"tablet":{"background-color":"var(--ast-global-color-5)","background-image":"","background-repeat":"repeat","background-position":"center center","background-size":"auto","background-attachment":"scroll","background-type":"","background-media":"","overlay-type":"","overlay-color":"","overlay-opacity":"","overlay-gradient":""},"mobile":{"background-color":"var(--ast-global-color-5)","background-image":"","background-repeat":"repeat","background-position":"center center","background-size":"auto","background-attachment":"scroll","background-type":"","background-media":"","overlay-type":"","overlay-color":"","overlay-opacity":"","overlay-gradient":""}},"footnotes":""},"class_list":["post-17503","page","type-page","status-publish","hentry"],"yoast_head":"<!-- This site is optimized with the Yoast SEO plugin v20.8 - https:\/\/yoast.com\/wordpress\/plugins\/seo\/ -->\n<title>Contacto - osteopatiasalud<\/title>\n<meta name=\"description\" content=\"Reserva tu cita\" \/>\n<meta name=\"robots\" content=\"index, follow, max-snippet:-1, max-image-preview:large, max-video-preview:-1\" \/>\n<link rel=\"canonical\" href=\"https:\/\/osteopatiasalud.com\/index.php\/contacto\/\" \/>\n<meta property=\"og:locale\" content=\"es_ES\" \/>\n<meta property=\"og:type\" content=\"article\" \/>\n<meta property=\"og:title\" content=\"Contacto - osteopatiasalud\" \/>\n<meta property=\"og:description\" content=\"Reserva tu cita\" \/>\n<meta property=\"og:url\" content=\"https:\/\/osteopatiasalud.com\/index.php\/contacto\/\" \/>\n<meta property=\"og:site_name\" content=\"osteopatiasalud\" \/>\n<meta property=\"article:modified_time\" content=\"2023-09-14T17:19:42+00:00\" \/>\n<meta name=\"twitter:card\" content=\"summary_large_image\" \/>\n<meta name=\"twitter:label1\" content=\"Tiempo de lectura\" \/>\n\t<meta name=\"twitter:data1\" content=\"1 minuto\" \/>\n<script type=\"application\/ld+json\" class=\"yoast-schema-graph\">{\"@context\":\"https:\/\/schema.org\",\"@graph\":[{\"@type\":\"WebPage\",\"@id\":\"https:\/\/osteopatiasalud.com\/index.php\/contacto\/\",\"url\":\"https:\/\/osteopatiasalud.com\/index.php\/contacto\/\",\"name\":\"Contacto - osteopatiasalud\",\"isPartOf\":{\"@id\":\"https:\/\/osteopatiasalud.com\/#website\"},\"datePublished\":\"2023-05-17T19:10:53+00:00\",\"dateModified\":\"2023-09-14T17:19:42+00:00\",\"description\":\"Reserva tu cita\",\"breadcrumb\":{\"@id\":\"https:\/\/osteopatiasalud.com\/index.php\/contacto\/#breadcrumb\"},\"inLanguage\":\"es\",\"potentialAction\":[{\"@type\":\"ReadAction\",\"target\":[\"https:\/\/osteopatiasalud.com\/index.php\/contacto\/\"]}]},{\"@type\":\"BreadcrumbList\",\"@id\":\"https:\/\/osteopatiasalud.com\/index.php\/contacto\/#breadcrumb\",\"itemListElement\":[{\"@type\":\"ListItem\",\"position\":1,\"name\":\"Home\",\"item\":\"https:\/\/osteopatiasalud.com\/\"},{\"@type\":\"ListItem\",\"position\":2,\"name\":\"Contacto\"}]},{\"@type\":\"WebSite\",\"@id\":\"https:\/\/osteopatiasalud.com\/#website\",\"url\":\"https:\/\/osteopatiasalud.com\/\",\"name\":\"osteopatiasalud\",\"description\":\"osteopat\u00eda i salut\",\"publisher\":{\"@id\":\"https:\/\/osteopatiasalud.com\/#\/schema\/person\/7f12adb35e51769f90b1fcb23d1fee10\"},\"potentialAction\":[{\"@type\":\"SearchAction\",\"target\":{\"@type\":\"EntryPoint\",\"urlTemplate\":\"https:\/\/osteopatiasalud.com\/?s={search_term_string}\"},\"query-input\":\"required name=search_term_string\"}],\"inLanguage\":\"es\"},{\"@type\":[\"Person\",\"Organization\"],\"@id\":\"https:\/\/osteopatiasalud.com\/#\/schema\/person\/7f12adb35e51769f90b1fcb23d1fee10\",\"name\":\"RODOLF\",\"image\":{\"@type\":\"ImageObject\",\"inLanguage\":\"es\",\"@id\":\"https:\/\/osteopatiasalud.com\/#\/schema\/person\/image\/\",\"url\":\"https:\/\/osteopatiasalud.com\/wp-content\/uploads\/2023\/05\/osteopatia-salud-salut-respiracion-respiracio-terpias-manuales-Rodolf-Schlachet-logo1-350.png\",\"contentUrl\":\"https:\/\/osteopatiasalud.com\/wp-content\/uploads\/2023\/05\/osteopatia-salud-salut-respiracion-respiracio-terpias-manuales-Rodolf-Schlachet-logo1-350.png\",\"width\":350,\"height\":350,\"caption\":\"RODOLF\"},\"logo\":{\"@id\":\"https:\/\/osteopatiasalud.com\/#\/schema\/person\/image\/\"},\"description\":\"El meu nom \u00e9s Rodolf Schlachet. Vaig n\u00e9ixer a Par\u00eds i estic vivint a Catalunya des de 1998. Per qu\u00e8, i per a qu\u00e8 practico l\u2019osteopatia? De jove vaig patir molts dolors de genolls i d\u2019esquena, i aix\u00f2 em va portar a descobrir l\u2019osteopatia: una ter\u00e0pia manual intel\u00b7ligent, hol\u00edstica i no agressiva. Em vaig formar a Fran\u00e7a en massatge fisioterap\u00e8utic i despr\u00e9s en osteopatia estructural, visceral i craniosacral. Vaig aprendre t\u00e8cniques angleses (t\u00e8cniques harm\u00f2niques), t\u00e8cniques russes (massatge del sistema), i aqu\u00ed a Catalunya el m\u00e8tode Poyet. M\u2019apassiona tot all\u00f2 que pot contribuir a millorar la salut, alleujar els sofriments i dolors i despertar la consci\u00e8ncia de l\u2019esser, recordar qui som\u2026 Aix\u00ed, em vaig formar en altres t\u00e8cniques que utilitzen la respiraci\u00f3 i tamb\u00e9 el fred. Soc instructor del m\u00e8tode Wim Hof, una t\u00e8cnica que combina respiraci\u00f3, fred i poder de la ment. Continuo aprenent, apassionat\u2026 i compartint. Quan tracto o ajudo un pacient, tinc la sensaci\u00f3 \u00edntima que estic fent el que he vingut a fer en aquesta vida. \u00c9s un moment sagrat i \u00e9s el meu prop\u00f2sit.\",\"sameAs\":[\"http:\/\/osteopatiasalud.com\",\"https:\/\/www.instagram.com\/osteo.rodolfo\/\"]}]}<\/script>\n<!-- \/ Yoast SEO plugin. -->","yoast_head_json":{"title":"Contacto - osteopatiasalud","description":"Reserva tu cita","robots":{"index":"index","follow":"follow","max-snippet":"max-snippet:-1","max-image-preview":"max-image-preview:large","max-video-preview":"max-video-preview:-1"},"canonical":"https:\/\/osteopatiasalud.com\/index.php\/contacto\/","og_locale":"es_ES","og_type":"article","og_title":"Contacto - osteopatiasalud","og_description":"Reserva tu cita","og_url":"https:\/\/osteopatiasalud.com\/index.php\/contacto\/","og_site_name":"osteopatiasalud","article_modified_time":"2023-09-14T17:19:42+00:00","twitter_card":"summary_large_image","twitter_misc":{"Tiempo de lectura":"1 minuto"},"schema":{"@context":"https:\/\/schema.org","@graph":[{"@type":"WebPage","@id":"https:\/\/osteopatiasalud.com\/index.php\/contacto\/","url":"https:\/\/osteopatiasalud.com\/index.php\/contacto\/","name":"Contacto - osteopatiasalud","isPartOf":{"@id":"https:\/\/osteopatiasalud.com\/#website"},"datePublished":"2023-05-17T19:10:53+00:00","dateModified":"2023-09-14T17:19:42+00:00","description":"Reserva tu cita","breadcrumb":{"@id":"https:\/\/osteopatiasalud.com\/index.php\/contacto\/#breadcrumb"},"inLanguage":"es","potentialAction":[{"@type":"ReadAction","target":["https:\/\/osteopatiasalud.com\/index.php\/contacto\/"]}]},{"@type":"BreadcrumbList","@id":"https:\/\/osteopatiasalud.com\/index.php\/contacto\/#breadcrumb","itemListElement":[{"@type":"ListItem","position":1,"name":"Home","item":"https:\/\/osteopatiasalud.com\/"},{"@type":"ListItem","position":2,"name":"Contacto"}]},{"@type":"WebSite","@id":"https:\/\/osteopatiasalud.com\/#website","url":"https:\/\/osteopatiasalud.com\/","name":"osteopatiasalud","description":"osteopat\u00eda i salut","publisher":{"@id":"https:\/\/osteopatiasalud.com\/#\/schema\/person\/7f12adb35e51769f90b1fcb23d1fee10"},"potentialAction":[{"@type":"SearchAction","target":{"@type":"EntryPoint","urlTemplate":"https:\/\/osteopatiasalud.com\/?s={search_term_string}"},"query-input":"required name=search_term_string"}],"inLanguage":"es"},{"@type":["Person","Organization"],"@id":"https:\/\/osteopatiasalud.com\/#\/schema\/person\/7f12adb35e51769f90b1fcb23d1fee10","name":"RODOLF","image":{"@type":"ImageObject","inLanguage":"es","@id":"https:\/\/osteopatiasalud.com\/#\/schema\/person\/image\/","url":"https:\/\/osteopatiasalud.com\/wp-content\/uploads\/2023\/05\/osteopatia-salud-salut-respiracion-respiracio-terpias-manuales-Rodolf-Schlachet-logo1-350.png","contentUrl":"https:\/\/osteopatiasalud.com\/wp-content\/uploads\/2023\/05\/osteopatia-salud-salut-respiracion-respiracio-terpias-manuales-Rodolf-Schlachet-logo1-350.png","width":350,"height":350,"caption":"RODOLF"},"logo":{"@id":"https:\/\/osteopatiasalud.com\/#\/schema\/person\/image\/"},"description":"El meu nom \u00e9s Rodolf Schlachet. Vaig n\u00e9ixer a Par\u00eds i estic vivint a Catalunya des de 1998. Per qu\u00e8, i per a qu\u00e8 practico l\u2019osteopatia? De jove vaig patir molts dolors de genolls i d\u2019esquena, i aix\u00f2 em va portar a descobrir l\u2019osteopatia: una ter\u00e0pia manual intel\u00b7ligent, hol\u00edstica i no agressiva. Em vaig formar a Fran\u00e7a en massatge fisioterap\u00e8utic i despr\u00e9s en osteopatia estructural, visceral i craniosacral. Vaig aprendre t\u00e8cniques angleses (t\u00e8cniques harm\u00f2niques), t\u00e8cniques russes (massatge del sistema), i aqu\u00ed a Catalunya el m\u00e8tode Poyet. M\u2019apassiona tot all\u00f2 que pot contribuir a millorar la salut, alleujar els sofriments i dolors i despertar la consci\u00e8ncia de l\u2019esser, recordar qui som\u2026 Aix\u00ed, em vaig formar en altres t\u00e8cniques que utilitzen la respiraci\u00f3 i tamb\u00e9 el fred. Soc instructor del m\u00e8tode Wim Hof, una t\u00e8cnica que combina respiraci\u00f3, fred i poder de la ment. Continuo aprenent, apassionat\u2026 i compartint. Quan tracto o ajudo un pacient, tinc la sensaci\u00f3 \u00edntima que estic fent el que he vingut a fer en aquesta vida. \u00c9s un moment sagrat i \u00e9s el meu prop\u00f2sit.","sameAs":["http:\/\/osteopatiasalud.com","https:\/\/www.instagram.com\/osteo.rodolfo\/"]}]}},"_links":{"self":[{"href":"https:\/\/osteopatiasalud.com\/index.php\/wp-json\/wp\/v2\/pages\/17503","targetHints":{"allow":["GET"]}}],"collection":[{"href":"https:\/\/osteopatiasalud.com\/index.php\/wp-json\/wp\/v2\/pages"}],"about":[{"href":"https:\/\/osteopatiasalud.com\/index.php\/wp-json\/wp\/v2\/types\/page"}],"author":[{"embeddable":true,"href":"https:\/\/osteopatiasalud.com\/index.php\/wp-json\/wp\/v2\/users\/1"}],"replies":[{"embeddable":true,"href":"https:\/\/osteopatiasalud.com\/index.php\/wp-json\/wp\/v2\/comments?post=17503"}],"version-history":[{"count":51,"href":"https:\/\/osteopatiasalud.com\/index.php\/wp-json\/wp\/v2\/pages\/17503\/revisions"}],"predecessor-version":[{"id":18336,"href":"https:\/\/osteopatiasalud.com\/index.php\/wp-json\/wp\/v2\/pages\/17503\/revisions\/18336"}],"wp:attachment":[{"href":"https:\/\/osteopatiasalud.com\/index.php\/wp-json\/wp\/v2\/media?parent=17503"}],"curies":[{"name":"wp","href":"https:\/\/api.w.org\/{rel}","templated":true}]}}