{"id":17474,"date":"2023-05-17T18:17:20","date_gmt":"2023-05-17T18:17:20","guid":{"rendered":"http:\/\/osteopatiasalud.com\/?page_id=17474"},"modified":"2025-05-11T17:58:37","modified_gmt":"2025-05-11T17:58:37","slug":"osteopatia-cas","status":"publish","type":"page","link":"https:\/\/osteopatiasalud.com\/index.php\/osteopatia-cas\/","title":{"rendered":"Ostepat\u00eda cas"},"content":{"rendered":"\t\t<div data-elementor-type=\"wp-page\" data-elementor-id=\"17474\" class=\"elementor elementor-17474\">\n\t\t\t\t\t\t\t<div class=\"elementor-element elementor-element-56c2374 e-con-full e-flex e-con\" data-id=\"56c2374\" data-element_type=\"container\" data-settings=\"{&quot;background_background&quot;:&quot;slideshow&quot;,&quot;content_width&quot;:&quot;full&quot;,&quot;background_slideshow_gallery&quot;:[{&quot;id&quot;:140,&quot;url&quot;:&quot;http:\\\/\\\/osteopatiasalud.com\\\/wp-content\\\/uploads\\\/2023\\\/04\\\/Osteopatia-salud-terapia-manual-bienestar-masaje-Rodolf-Schlachet-sliderB-6-scaled.jpg&quot;},{&quot;id&quot;:143,&quot;url&quot;:&quot;http:\\\/\\\/osteopatiasalud.com\\\/wp-content\\\/uploads\\\/2023\\\/04\\\/Osteopatia-salud-terapia-manual-bienestar-masaje-Rodolf-Schlachet-sliderB-9-scaled.jpg&quot;}],&quot;background_slideshow_ken_burns&quot;:&quot;yes&quot;,&quot;background_slideshow_loop&quot;:&quot;yes&quot;,&quot;background_slideshow_slide_duration&quot;:5000,&quot;background_slideshow_slide_transition&quot;:&quot;fade&quot;,&quot;background_slideshow_transition_duration&quot;:500,&quot;background_slideshow_ken_burns_zoom_direction&quot;:&quot;in&quot;}\">\n\t\t\t\t<\/div>\n\t\t<div class=\"elementor-element elementor-element-30ebd00 e-flex e-con-boxed e-con\" data-id=\"30ebd00\" data-element_type=\"container\" data-settings=\"{&quot;background_background&quot;:&quot;classic&quot;,&quot;content_width&quot;:&quot;boxed&quot;}\">\n\t\t\t\t\t<div class=\"e-con-inner\">\n\t\t\t\t<div class=\"elementor-element elementor-element-3af483c elementor-widget elementor-widget-text-editor\" data-id=\"3af483c\" data-element_type=\"widget\" data-widget_type=\"text-editor.default\">\n\t\t\t\t<div class=\"elementor-widget-container\">\n\t\t\t<style>\/*! elementor - v3.15.0 - 02-08-2023 *\/\n.elementor-widget-text-editor.elementor-drop-cap-view-stacked .elementor-drop-cap{background-color:#69727d;color:#fff}.elementor-widget-text-editor.elementor-drop-cap-view-framed .elementor-drop-cap{color:#69727d;border:3px solid;background-color:transparent}.elementor-widget-text-editor:not(.elementor-drop-cap-view-default) .elementor-drop-cap{margin-top:8px}.elementor-widget-text-editor:not(.elementor-drop-cap-view-default) .elementor-drop-cap-letter{width:1em;height:1em}.elementor-widget-text-editor .elementor-drop-cap{float:left;text-align:center;line-height:1;font-size:50px}.elementor-widget-text-editor .elementor-drop-cap-letter{display:inline-block}<\/style>\t\t\t\t<p>La osteopat\u00eda es una forma hol\u00edstica de entender la salud, considerando la globalidad del organismo.<\/p><p>Simplificando al m\u00e1ximo, podemos decir que es una terapia manual que quiere restablecer el movimiento saludable del cuerpo, los movimientos de las <strong>fascias<\/strong>.<\/p><p>Es una medicina alternativa que se enfoca en la relaci\u00f3n entre la estructura del cuerpo y su funci\u00f3n.<\/p><p>A diferencia de la medicina convencional, que a menudo se enfoca en el tratamiento de s\u00edntomas individuales, la osteopat\u00eda busca abordar las causas subyacentes de las enfermedades del paciente, y hacerlo de forma no invasiva.<\/p><p>Un oste\u00f3pata valora individualmente cada caso para establecer un tratamiento personalizado que mejore la salud y el bienestar de forma hol\u00edstica a largo plazo.<\/p>\t\t\t\t\t\t<\/div>\n\t\t\t\t<\/div>\n\t\t<div class=\"elementor-element elementor-element-9296887 e-con-full e-flex e-con\" data-id=\"9296887\" data-element_type=\"container\" data-settings=\"{&quot;content_width&quot;:&quot;full&quot;}\">\n\t\t\t\t<div class=\"elementor-element elementor-element-7e6cf78 elementor-widget elementor-widget-html\" data-id=\"7e6cf78\" data-element_type=\"widget\" data-widget_type=\"html.default\">\n\t\t\t\t<div class=\"elementor-widget-container\">\n\t\t\t<div class=\"scroll-zoom-container\">\n  <img decoding=\"async\" src=\"http:\/\/osteopatiasalud.com\/wp-content\/uploads\/2025\/05\/M4A1808-scaled.jpg\" class=\"scroll-zoom-image\" \/>\n<\/div>\n\n<style>\n.scroll-zoom-container {\n  width: 100%;\n  overflow: hidden;\n  position: relative;\n}\n\n.scroll-zoom-image {\n  display: block;\n  width: auto;\n  max-width: none;\n  height: auto;\n  min-width: 100%;\n  transform-origin: left center;\n  animation: zoomScrollSequence 14s linear infinite;\n}\n\n@keyframes zoomScrollSequence {\n  0% {\n    transform: scale(1) translateX(0);\n  }\n  14.3% {\n    transform: scale(1) translateX(0); \/* Mostrar imagen completa - 2s *\/\n  }\n  28.6% {\n    transform: scale(2) translateX(0); \/* Zoom in - 2s *\/\n  }\n  71.4% {\n    transform: scale(2) translateX(-25vw); \/* Scroll lateral - 6s *\/\n  }\n  85.7% {\n    transform: scale(1) translateX(0); \/* Zoom out - 2s *\/\n  }\n  100% {\n    transform: scale(1) translateX(0); \/* Pausa de 2s antes de reinicio *\/\n  }\n}\n\n\/* Opcional: m\u00e1s lento en m\u00f3vil *\/\n@media (max-width: 768px) {\n  .scroll-zoom-image {\n    animation-duration: 16s;\n  }\n}\n<\/style>\n\n\t\t<\/div>\n\t\t\t\t<\/div>\n\t\t\t\t<\/div>\n\t\t\t\t\t<\/div>\n\t\t\t\t<\/div>\n\t\t\t\t\t\t\t<\/div>\n\t\t","protected":false},"excerpt":{"rendered":"<p>La osteopat\u00eda es una forma hol\u00edstica de entender la salud, considerando la globalidad del organismo. Simplificando al m\u00e1ximo, podemos decir que es una terapia manual que quiere restablecer el movimiento saludable del cuerpo, los movimientos de las fascias. Es una medicina alternativa que se enfoca en la relaci\u00f3n entre la estructura del cuerpo y su [&hellip;]<\/p>\n","protected":false},"author":1,"featured_media":0,"parent":0,"menu_order":0,"comment_status":"closed","ping_status":"closed","template":"elementor_header_footer","meta":{"site-sidebar-layout":"default","site-content-layout":"","ast-site-content-layout":"","site-content-style":"default","site-sidebar-style":"default","ast-global-header-display":"","ast-banner-title-visibility":"","ast-main-header-display":"","ast-hfb-above-header-display":"","ast-hfb-below-header-display":"","ast-hfb-mobile-header-display":"","site-post-title":"","ast-breadcrumbs-content":"","ast-featured-img":"","footer-sml-layout":"","theme-transparent-header-meta":"","adv-header-id-meta":"","stick-header-meta":"","header-above-stick-meta":"","header-main-stick-meta":"","header-below-stick-meta":"","astra-migrate-meta-layouts":"default","ast-page-background-enabled":"default","ast-page-background-meta":{"desktop":{"background-color":"var(--ast-global-color-4)","background-image":"","background-repeat":"repeat","background-position":"center center","background-size":"auto","background-attachment":"scroll","background-type":"","background-media":"","overlay-type":"","overlay-color":"","overlay-opacity":"","overlay-gradient":""},"tablet":{"background-color":"","background-image":"","background-repeat":"repeat","background-position":"center center","background-size":"auto","background-attachment":"scroll","background-type":"","background-media":"","overlay-type":"","overlay-color":"","overlay-opacity":"","overlay-gradient":""},"mobile":{"background-color":"","background-image":"","background-repeat":"repeat","background-position":"center center","background-size":"auto","background-attachment":"scroll","background-type":"","background-media":"","overlay-type":"","overlay-color":"","overlay-opacity":"","overlay-gradient":""}},"ast-content-background-meta":{"desktop":{"background-color":"var(--ast-global-color-5)","background-image":"","background-repeat":"repeat","background-position":"center center","background-size":"auto","background-attachment":"scroll","background-type":"","background-media":"","overlay-type":"","overlay-color":"","overlay-opacity":"","overlay-gradient":""},"tablet":{"background-color":"var(--ast-global-color-5)","background-image":"","background-repeat":"repeat","background-position":"center center","background-size":"auto","background-attachment":"scroll","background-type":"","background-media":"","overlay-type":"","overlay-color":"","overlay-opacity":"","overlay-gradient":""},"mobile":{"background-color":"var(--ast-global-color-5)","background-image":"","background-repeat":"repeat","background-position":"center center","background-size":"auto","background-attachment":"scroll","background-type":"","background-media":"","overlay-type":"","overlay-color":"","overlay-opacity":"","overlay-gradient":""}},"footnotes":""},"class_list":["post-17474","page","type-page","status-publish","hentry"],"yoast_head":"<!-- This site is optimized with the Yoast SEO plugin v20.8 - https:\/\/yoast.com\/wordpress\/plugins\/seo\/ -->\n<title>Ostepat\u00eda cas - osteopatiasalud<\/title>\n<meta name=\"description\" content=\"La osteopat\u00eda es una forma hol\u00edstica de entender la salud, considerando la globalidad del organismo.\" \/>\n<meta name=\"robots\" content=\"index, follow, max-snippet:-1, max-image-preview:large, max-video-preview:-1\" \/>\n<link rel=\"canonical\" href=\"https:\/\/osteopatiasalud.com\/index.php\/osteopatia-cas\/\" \/>\n<meta property=\"og:locale\" content=\"es_ES\" \/>\n<meta property=\"og:type\" content=\"article\" \/>\n<meta property=\"og:title\" content=\"Ostepat\u00eda cas - osteopatiasalud\" \/>\n<meta property=\"og:description\" content=\"La osteopat\u00eda es una forma hol\u00edstica de entender la salud, considerando la globalidad del organismo.\" \/>\n<meta property=\"og:url\" content=\"https:\/\/osteopatiasalud.com\/index.php\/osteopatia-cas\/\" \/>\n<meta property=\"og:site_name\" content=\"osteopatiasalud\" \/>\n<meta property=\"article:modified_time\" content=\"2025-05-11T17:58:37+00:00\" \/>\n<meta property=\"og:image\" content=\"http:\/\/osteopatiasalud.com\/wp-content\/uploads\/2025\/05\/M4A1808-scaled.jpg\" \/>\n<meta name=\"twitter:card\" content=\"summary_large_image\" \/>\n<meta name=\"twitter:label1\" content=\"Tiempo de lectura\" \/>\n\t<meta name=\"twitter:data1\" content=\"2 minutos\" \/>\n<script type=\"application\/ld+json\" class=\"yoast-schema-graph\">{\"@context\":\"https:\/\/schema.org\",\"@graph\":[{\"@type\":\"WebPage\",\"@id\":\"https:\/\/osteopatiasalud.com\/index.php\/osteopatia-cas\/\",\"url\":\"https:\/\/osteopatiasalud.com\/index.php\/osteopatia-cas\/\",\"name\":\"Ostepat\u00eda cas - osteopatiasalud\",\"isPartOf\":{\"@id\":\"https:\/\/osteopatiasalud.com\/#website\"},\"datePublished\":\"2023-05-17T18:17:20+00:00\",\"dateModified\":\"2025-05-11T17:58:37+00:00\",\"description\":\"La osteopat\u00eda es una forma hol\u00edstica de entender la salud, considerando la globalidad del organismo.\",\"breadcrumb\":{\"@id\":\"https:\/\/osteopatiasalud.com\/index.php\/osteopatia-cas\/#breadcrumb\"},\"inLanguage\":\"es\",\"potentialAction\":[{\"@type\":\"ReadAction\",\"target\":[\"https:\/\/osteopatiasalud.com\/index.php\/osteopatia-cas\/\"]}]},{\"@type\":\"BreadcrumbList\",\"@id\":\"https:\/\/osteopatiasalud.com\/index.php\/osteopatia-cas\/#breadcrumb\",\"itemListElement\":[{\"@type\":\"ListItem\",\"position\":1,\"name\":\"Home\",\"item\":\"https:\/\/osteopatiasalud.com\/\"},{\"@type\":\"ListItem\",\"position\":2,\"name\":\"Ostepat\u00eda cas\"}]},{\"@type\":\"WebSite\",\"@id\":\"https:\/\/osteopatiasalud.com\/#website\",\"url\":\"https:\/\/osteopatiasalud.com\/\",\"name\":\"osteopatiasalud\",\"description\":\"osteopat\u00eda i salut\",\"publisher\":{\"@id\":\"https:\/\/osteopatiasalud.com\/#\/schema\/person\/7f12adb35e51769f90b1fcb23d1fee10\"},\"potentialAction\":[{\"@type\":\"SearchAction\",\"target\":{\"@type\":\"EntryPoint\",\"urlTemplate\":\"https:\/\/osteopatiasalud.com\/?s={search_term_string}\"},\"query-input\":\"required name=search_term_string\"}],\"inLanguage\":\"es\"},{\"@type\":[\"Person\",\"Organization\"],\"@id\":\"https:\/\/osteopatiasalud.com\/#\/schema\/person\/7f12adb35e51769f90b1fcb23d1fee10\",\"name\":\"RODOLF\",\"image\":{\"@type\":\"ImageObject\",\"inLanguage\":\"es\",\"@id\":\"https:\/\/osteopatiasalud.com\/#\/schema\/person\/image\/\",\"url\":\"https:\/\/osteopatiasalud.com\/wp-content\/uploads\/2023\/05\/osteopatia-salud-salut-respiracion-respiracio-terpias-manuales-Rodolf-Schlachet-logo1-350.png\",\"contentUrl\":\"https:\/\/osteopatiasalud.com\/wp-content\/uploads\/2023\/05\/osteopatia-salud-salut-respiracion-respiracio-terpias-manuales-Rodolf-Schlachet-logo1-350.png\",\"width\":350,\"height\":350,\"caption\":\"RODOLF\"},\"logo\":{\"@id\":\"https:\/\/osteopatiasalud.com\/#\/schema\/person\/image\/\"},\"description\":\"El meu nom \u00e9s Rodolf Schlachet. Vaig n\u00e9ixer a Par\u00eds i estic vivint a Catalunya des de 1998. Per qu\u00e8, i per a qu\u00e8 practico l\u2019osteopatia? De jove vaig patir molts dolors de genolls i d\u2019esquena, i aix\u00f2 em va portar a descobrir l\u2019osteopatia: una ter\u00e0pia manual intel\u00b7ligent, hol\u00edstica i no agressiva. Em vaig formar a Fran\u00e7a en massatge fisioterap\u00e8utic i despr\u00e9s en osteopatia estructural, visceral i craniosacral. Vaig aprendre t\u00e8cniques angleses (t\u00e8cniques harm\u00f2niques), t\u00e8cniques russes (massatge del sistema), i aqu\u00ed a Catalunya el m\u00e8tode Poyet. M\u2019apassiona tot all\u00f2 que pot contribuir a millorar la salut, alleujar els sofriments i dolors i despertar la consci\u00e8ncia de l\u2019esser, recordar qui som\u2026 Aix\u00ed, em vaig formar en altres t\u00e8cniques que utilitzen la respiraci\u00f3 i tamb\u00e9 el fred. Soc instructor del m\u00e8tode Wim Hof, una t\u00e8cnica que combina respiraci\u00f3, fred i poder de la ment. Continuo aprenent, apassionat\u2026 i compartint. Quan tracto o ajudo un pacient, tinc la sensaci\u00f3 \u00edntima que estic fent el que he vingut a fer en aquesta vida. \u00c9s un moment sagrat i \u00e9s el meu prop\u00f2sit.\",\"sameAs\":[\"http:\/\/osteopatiasalud.com\",\"https:\/\/www.instagram.com\/osteo.rodolfo\/\"]}]}<\/script>\n<!-- \/ Yoast SEO plugin. -->","yoast_head_json":{"title":"Ostepat\u00eda cas - osteopatiasalud","description":"La osteopat\u00eda es una forma hol\u00edstica de entender la salud, considerando la globalidad del organismo.","robots":{"index":"index","follow":"follow","max-snippet":"max-snippet:-1","max-image-preview":"max-image-preview:large","max-video-preview":"max-video-preview:-1"},"canonical":"https:\/\/osteopatiasalud.com\/index.php\/osteopatia-cas\/","og_locale":"es_ES","og_type":"article","og_title":"Ostepat\u00eda cas - osteopatiasalud","og_description":"La osteopat\u00eda es una forma hol\u00edstica de entender la salud, considerando la globalidad del organismo.","og_url":"https:\/\/osteopatiasalud.com\/index.php\/osteopatia-cas\/","og_site_name":"osteopatiasalud","article_modified_time":"2025-05-11T17:58:37+00:00","og_image":[{"url":"http:\/\/osteopatiasalud.com\/wp-content\/uploads\/2025\/05\/M4A1808-scaled.jpg"}],"twitter_card":"summary_large_image","twitter_misc":{"Tiempo de lectura":"2 minutos"},"schema":{"@context":"https:\/\/schema.org","@graph":[{"@type":"WebPage","@id":"https:\/\/osteopatiasalud.com\/index.php\/osteopatia-cas\/","url":"https:\/\/osteopatiasalud.com\/index.php\/osteopatia-cas\/","name":"Ostepat\u00eda cas - osteopatiasalud","isPartOf":{"@id":"https:\/\/osteopatiasalud.com\/#website"},"datePublished":"2023-05-17T18:17:20+00:00","dateModified":"2025-05-11T17:58:37+00:00","description":"La osteopat\u00eda es una forma hol\u00edstica de entender la salud, considerando la globalidad del organismo.","breadcrumb":{"@id":"https:\/\/osteopatiasalud.com\/index.php\/osteopatia-cas\/#breadcrumb"},"inLanguage":"es","potentialAction":[{"@type":"ReadAction","target":["https:\/\/osteopatiasalud.com\/index.php\/osteopatia-cas\/"]}]},{"@type":"BreadcrumbList","@id":"https:\/\/osteopatiasalud.com\/index.php\/osteopatia-cas\/#breadcrumb","itemListElement":[{"@type":"ListItem","position":1,"name":"Home","item":"https:\/\/osteopatiasalud.com\/"},{"@type":"ListItem","position":2,"name":"Ostepat\u00eda cas"}]},{"@type":"WebSite","@id":"https:\/\/osteopatiasalud.com\/#website","url":"https:\/\/osteopatiasalud.com\/","name":"osteopatiasalud","description":"osteopat\u00eda i salut","publisher":{"@id":"https:\/\/osteopatiasalud.com\/#\/schema\/person\/7f12adb35e51769f90b1fcb23d1fee10"},"potentialAction":[{"@type":"SearchAction","target":{"@type":"EntryPoint","urlTemplate":"https:\/\/osteopatiasalud.com\/?s={search_term_string}"},"query-input":"required name=search_term_string"}],"inLanguage":"es"},{"@type":["Person","Organization"],"@id":"https:\/\/osteopatiasalud.com\/#\/schema\/person\/7f12adb35e51769f90b1fcb23d1fee10","name":"RODOLF","image":{"@type":"ImageObject","inLanguage":"es","@id":"https:\/\/osteopatiasalud.com\/#\/schema\/person\/image\/","url":"https:\/\/osteopatiasalud.com\/wp-content\/uploads\/2023\/05\/osteopatia-salud-salut-respiracion-respiracio-terpias-manuales-Rodolf-Schlachet-logo1-350.png","contentUrl":"https:\/\/osteopatiasalud.com\/wp-content\/uploads\/2023\/05\/osteopatia-salud-salut-respiracion-respiracio-terpias-manuales-Rodolf-Schlachet-logo1-350.png","width":350,"height":350,"caption":"RODOLF"},"logo":{"@id":"https:\/\/osteopatiasalud.com\/#\/schema\/person\/image\/"},"description":"El meu nom \u00e9s Rodolf Schlachet. Vaig n\u00e9ixer a Par\u00eds i estic vivint a Catalunya des de 1998. Per qu\u00e8, i per a qu\u00e8 practico l\u2019osteopatia? De jove vaig patir molts dolors de genolls i d\u2019esquena, i aix\u00f2 em va portar a descobrir l\u2019osteopatia: una ter\u00e0pia manual intel\u00b7ligent, hol\u00edstica i no agressiva. Em vaig formar a Fran\u00e7a en massatge fisioterap\u00e8utic i despr\u00e9s en osteopatia estructural, visceral i craniosacral. Vaig aprendre t\u00e8cniques angleses (t\u00e8cniques harm\u00f2niques), t\u00e8cniques russes (massatge del sistema), i aqu\u00ed a Catalunya el m\u00e8tode Poyet. M\u2019apassiona tot all\u00f2 que pot contribuir a millorar la salut, alleujar els sofriments i dolors i despertar la consci\u00e8ncia de l\u2019esser, recordar qui som\u2026 Aix\u00ed, em vaig formar en altres t\u00e8cniques que utilitzen la respiraci\u00f3 i tamb\u00e9 el fred. Soc instructor del m\u00e8tode Wim Hof, una t\u00e8cnica que combina respiraci\u00f3, fred i poder de la ment. Continuo aprenent, apassionat\u2026 i compartint. Quan tracto o ajudo un pacient, tinc la sensaci\u00f3 \u00edntima que estic fent el que he vingut a fer en aquesta vida. \u00c9s un moment sagrat i \u00e9s el meu prop\u00f2sit.","sameAs":["http:\/\/osteopatiasalud.com","https:\/\/www.instagram.com\/osteo.rodolfo\/"]}]}},"_links":{"self":[{"href":"https:\/\/osteopatiasalud.com\/index.php\/wp-json\/wp\/v2\/pages\/17474","targetHints":{"allow":["GET"]}}],"collection":[{"href":"https:\/\/osteopatiasalud.com\/index.php\/wp-json\/wp\/v2\/pages"}],"about":[{"href":"https:\/\/osteopatiasalud.com\/index.php\/wp-json\/wp\/v2\/types\/page"}],"author":[{"embeddable":true,"href":"https:\/\/osteopatiasalud.com\/index.php\/wp-json\/wp\/v2\/users\/1"}],"replies":[{"embeddable":true,"href":"https:\/\/osteopatiasalud.com\/index.php\/wp-json\/wp\/v2\/comments?post=17474"}],"version-history":[{"count":72,"href":"https:\/\/osteopatiasalud.com\/index.php\/wp-json\/wp\/v2\/pages\/17474\/revisions"}],"predecessor-version":[{"id":18417,"href":"https:\/\/osteopatiasalud.com\/index.php\/wp-json\/wp\/v2\/pages\/17474\/revisions\/18417"}],"wp:attachment":[{"href":"https:\/\/osteopatiasalud.com\/index.php\/wp-json\/wp\/v2\/media?parent=17474"}],"curies":[{"name":"wp","href":"https:\/\/api.w.org\/{rel}","templated":true}]}}